{"id":35941,"date":"2021-03-22T13:25:12","date_gmt":"2021-03-22T12:25:12","guid":{"rendered":"https:\/\/zkw-group.com\/impresum\/"},"modified":"2021-03-22T13:28:40","modified_gmt":"2021-03-22T12:28:40","slug":"impresum","status":"publish","type":"page","link":"https:\/\/zkw-group.com\/cz\/impresum\/","title":{"rendered":"Impresum"},"content":{"rendered":"\t\t<div data-elementor-type=\"wp-post\" data-elementor-id=\"35941\" class=\"elementor elementor-35941 elementor-26902\" data-elementor-post-type=\"page\">\n\t\t\t\t\t\t<section class=\"elementor-section elementor-top-section elementor-element elementor-element-26013687 elementor-section-full_width elementor-section-height-min-height elementor-section-height-default elementor-section-items-middle\" data-id=\"26013687\" data-element_type=\"section\" data-e-type=\"section\" data-settings=\"{&quot;background_background&quot;:&quot;classic&quot;}\">\n\t\t\t\t\t\t<div class=\"elementor-container elementor-column-gap-default\">\n\t\t\t\t\t<div class=\"elementor-column elementor-col-100 elementor-top-column elementor-element elementor-element-27ab5806\" data-id=\"27ab5806\" data-element_type=\"column\" data-e-type=\"column\">\n\t\t\t<div class=\"elementor-widget-wrap\">\n\t\t\t\t\t\t\t<\/div>\n\t\t<\/div>\n\t\t\t\t\t<\/div>\n\t\t<\/section>\n\t\t\t\t<section class=\"elementor-section elementor-top-section elementor-element elementor-element-3fd6c196 elementor-section-full_width elementor-section-height-default elementor-section-height-default elementor-invisible\" data-id=\"3fd6c196\" data-element_type=\"section\" data-e-type=\"section\" data-settings=\"{&quot;animation&quot;:&quot;fadeIn&quot;}\">\n\t\t\t\t\t\t<div class=\"elementor-container elementor-column-gap-default\">\n\t\t\t\t\t<div class=\"elementor-column elementor-col-16 elementor-top-column elementor-element elementor-element-7f6abf25\" data-id=\"7f6abf25\" data-element_type=\"column\" data-e-type=\"column\">\n\t\t\t<div class=\"elementor-widget-wrap\">\n\t\t\t\t\t\t\t<\/div>\n\t\t<\/div>\n\t\t\t\t<div class=\"elementor-column elementor-col-66 elementor-top-column elementor-element elementor-element-71647a77\" data-id=\"71647a77\" data-element_type=\"column\" data-e-type=\"column\">\n\t\t\t<div class=\"elementor-widget-wrap elementor-element-populated\">\n\t\t\t\t\t\t<div class=\"elementor-element elementor-element-6f8ea134 elementor-widget elementor-widget-breadcrumbs\" data-id=\"6f8ea134\" data-element_type=\"widget\" data-e-type=\"widget\" data-widget_type=\"breadcrumbs.default\">\n\t\t\t\t<div class=\"elementor-widget-container\">\n\t\t\t\t\t<p id=\"breadcrumbs\"><\/p>\t\t\t\t<\/div>\n\t\t\t\t<\/div>\n\t\t\t\t<div class=\"elementor-element elementor-element-3b0b0a7d elementor-widget elementor-widget-heading\" data-id=\"3b0b0a7d\" data-element_type=\"widget\" data-e-type=\"widget\" data-widget_type=\"heading.default\">\n\t\t\t\t<div class=\"elementor-widget-container\">\n\t\t\t\t\t<h1 class=\"elementor-heading-title elementor-size-default\">Impresum<\/h1>\t\t\t\t<\/div>\n\t\t\t\t<\/div>\n\t\t\t\t<section class=\"elementor-section elementor-inner-section elementor-element elementor-element-50d24fc2 elementor-section-full_width elementor-section-height-default elementor-section-height-default\" data-id=\"50d24fc2\" data-element_type=\"section\" data-e-type=\"section\">\n\t\t\t\t\t\t<div class=\"elementor-container elementor-column-gap-default\">\n\t\t\t\t\t<div class=\"elementor-column elementor-col-66 elementor-inner-column elementor-element elementor-element-5fc7b5a5\" data-id=\"5fc7b5a5\" data-element_type=\"column\" data-e-type=\"column\">\n\t\t\t<div class=\"elementor-widget-wrap elementor-element-populated\">\n\t\t\t\t\t\t<div class=\"elementor-element elementor-element-1218ebb elementor-widget elementor-widget-text-editor\" data-id=\"1218ebb\" data-element_type=\"widget\" data-e-type=\"widget\" data-widget_type=\"text-editor.default\">\n\t\t\t\t<div class=\"elementor-widget-container\">\n\t\t\t\t\t\t\t\t\t<h2>Upozorn\u011bn\u00ed<\/h2>\n<p>\u017d\u00e1d\u00e1me o pochopen\u00ed, \u017ee jsme se z d\u016fvodu lep\u0161\u00ed \u010ditelnosti zdr\u017eeli pou\u017e\u00edv\u00e1n\u00ed formulac\u00ed specifick\u00fdch pro genderov\u00e9 rozli\u0161en\u00ed.<\/p>\n<h2>Ustanoven\u00ed o autorsk\u00fdch pr\u00e1vech:<\/h2>\n<p>Ve\u0161ker\u00fd obsah v\u010detn\u011b v\u0161ech \u010d\u00e1st\u00ed je chr\u00e1n\u011bn autorsk\u00fdmi pr\u00e1vy. \u2028Jak\u00e9koli pou\u017eit\u00ed mimo vymezen\u00e9 hranice autorsk\u00e9ho pr\u00e1va bez souhlasu vydavatele je nep\u0159\u00edpustn\u00e9 a trestn\u00e9. To plat\u00ed zejm\u00e9na pro reprodukce, p\u0159eklady, mikrofilmy, ukl\u00e1d\u00e1n\u00ed dat a zpracov\u00e1n\u00ed v elektronick\u00fdch syst\u00e9mech. Za spr\u00e1vnost \u00fadaj\u016f nen\u00ed ani po pe\u010dliv\u00e9 re\u0161er\u0161i p\u0159eb\u00edr\u00e1no ru\u010den\u00ed. Kopie, i jen \u010d\u00e1ste\u010dn\u00e9, jsou povoleny pouze po ud\u011blen\u00ed v\u00fdslovn\u00e9ho souhlasu vydavatele.<br \/>\nAutor se sna\u017e\u00ed dodr\u017eovat autorsk\u00e1 pr\u00e1va ke grafik\u00e1m a text\u016fm pou\u017eit\u00fdm ve v\u0161ech publikac\u00edch, pou\u017e\u00edvat grafiky a texty, kter\u00e9 s\u00e1m vytvo\u0159il, nebo pou\u017e\u00edvat bezlicen\u010dn\u00ed grafiku a texty. V\u0161echny n\u00e1zvy zna\u010dek a ochrann\u00fdch zn\u00e1mek zm\u00edn\u011bn\u00e9 na webov\u00fdch str\u00e1nk\u00e1ch a p\u0159\u00edpadn\u011b chr\u00e1n\u011bn\u00e9 t\u0159et\u00edmi stranami podl\u00e9haj\u00ed bez omezen\u00ed ustanoven\u00edm p\u0159\u00edslu\u0161n\u00e9ho z\u00e1kona o ochrann\u00fdch zn\u00e1mk\u00e1ch a vlastnick\u00fdm pr\u00e1v\u016fm p\u0159\u00edslu\u0161n\u00fdch registrovan\u00fdch vlastn\u00edk\u016f. Na z\u00e1klad\u011b pouh\u00e9 zm\u00ednky by nem\u011bl b\u00fdt u\u010din\u011bn z\u00e1v\u011br o tom, \u017ee ochrann\u00e9 zn\u00e1mky nejsou chr\u00e1n\u011bny pr\u00e1vy t\u0159et\u00edch stran! Autorsk\u00e9 pr\u00e1vo na publikovan\u00e9 objekty vytvo\u0159en\u00e9 autorem z\u016fst\u00e1v\u00e1 pouze autorovi str\u00e1nek. Jak\u00e1koli reprodukce nebo pou\u017eit\u00ed grafiky, zvukov\u00fdch soubor\u016f, videosekvenc\u00ed a text\u016f v jin\u00fdch elektronick\u00fdch nebo ti\u0161t\u011bn\u00fdch publikac\u00edch nen\u00ed bez v\u00fdslovn\u00e9ho souhlasu autora povoleno.<\/p>\n<h2>Vlevo:<\/h2>\n<p>Za p\u0159\u00edm\u00e9 i nep\u0159\u00edm\u00e9 odkazy na webov\u00e9 str\u00e1nky t\u0159et\u00edch stran (\u201eodkazy\u201c), kter\u00e9 nespadaj\u00ed do oblasti odpov\u011bdnosti autora, nen\u00ed p\u0159ij\u00edm\u00e1na \u017e\u00e1dn\u00e1 odpov\u011bdnost. Autor proto v\u00fdslovn\u011b prohla\u0161uje, \u017ee odkazovan\u00e9 str\u00e1nky neobsahovaly v dob\u011b vytv\u00e1\u0159en\u00ed odkaz\u016f neleg\u00e1ln\u00ed obsah. Autor nem\u00e1 \u017e\u00e1dn\u00fd vliv na sou\u010dasn\u00fd a budouc\u00ed design a na obsah odkazovan\u00fdch str\u00e1nek. Proto se t\u00edmto v\u00fdslovn\u011b distancuje od ve\u0161ker\u00e9ho obsahu v\u0161ech odkazovan\u00fdch \/ propojen\u00fdch str\u00e1nek, kter\u00e9 byly po nastaven\u00ed odkazu zm\u011bn\u011bny. Toto prohl\u00e1\u0161en\u00ed se t\u00fdk\u00e1 v\u0161ech odkaz\u016f a referenc\u00ed nastaven\u00fdch na vlastn\u00edch webov\u00fdch str\u00e1nk\u00e1ch spole\u010dnosti. Za nez\u00e1konn\u00fd, nespr\u00e1vn\u00fd nebo ne\u00fapln\u00fd obsah a zejm\u00e9na za \u0161kody vznikl\u00e9 v d\u016fsledku pou\u017eit\u00ed nebo nepou\u017eit\u00ed takto prezentovan\u00fdch informac\u00ed, nese v\u00fdhradn\u00ed odpov\u011bdnost poskytovatel str\u00e1nky, na kterou se odkazovalo, nikoli osoba, kter\u00e1 pouze odkazuje na p\u0159\u00edslu\u0161n\u00e9 publikace prost\u0159ednictv\u00edm odkaz\u016f.<\/p>\n\t\t\t\t\t\t\t\t<\/div>\n\t\t\t\t<\/div>\n\t\t\t\t\t<\/div>\n\t\t<\/div>\n\t\t\t\t<div class=\"elementor-column elementor-col-33 elementor-inner-column elementor-element elementor-element-1decd420 col-no-margin\" data-id=\"1decd420\" data-element_type=\"column\" data-e-type=\"column\" data-settings=\"{&quot;background_background&quot;:&quot;classic&quot;}\">\n\t\t\t<div class=\"elementor-widget-wrap elementor-element-populated\">\n\t\t\t\t\t\t<div class=\"elementor-element elementor-element-449acac media-headline elementor-widget elementor-widget-heading\" data-id=\"449acac\" data-element_type=\"widget\" data-e-type=\"widget\" data-widget_type=\"heading.default\">\n\t\t\t\t<div class=\"elementor-widget-container\">\n\t\t\t\t\t<h4 class=\"elementor-heading-title elementor-size-default\">Vydavatel odpov\u011bdn\u00fd za obsah<\/h4>\t\t\t\t<\/div>\n\t\t\t\t<\/div>\n\t\t\t\t<div class=\"elementor-element elementor-element-44f4fbe4 elementor-widget elementor-widget-text-editor\" data-id=\"44f4fbe4\" data-element_type=\"widget\" data-e-type=\"widget\" data-widget_type=\"text-editor.default\">\n\t\t\t\t<div class=\"elementor-widget-container\">\n\t\t\t\t\t\t\t\t\t<h3>ZKW Group GmbH<\/h3>\n\t\t\t\t\t\t\t\t<\/div>\n\t\t\t\t<\/div>\n\t\t\t\t<div class=\"elementor-element elementor-element-7fb54797 elementor-widget elementor-widget-shortcode\" data-id=\"7fb54797\" data-element_type=\"widget\" data-e-type=\"widget\" data-widget_type=\"shortcode.default\">\n\t\t\t\t<div class=\"elementor-widget-container\">\n\t\t\t\t\t\t\t<div class=\"elementor-shortcode\">\n\n\n\n\t\n\t\n\t\n\t\t<p>\nRottenhauser Stra\u00dfe 8<br\/>\nA-3250 Wieselburg<br\/>\nE-Mail: <a href=\"mailto:office@zkw-group.com\" title=\"office@zkw-group.com\">office@zkw-group.com<\/a><br\/>\nTelefonnummer: <a href=\"tel:+43 7416 505 0\">+43 7416 505 0<\/a>\n<\/p>\n\t\n\t\n\t\n\t\n<\/div>\n\t\t\t\t\t\t<\/div>\n\t\t\t\t<\/div>\n\t\t\t\t<div class=\"elementor-element elementor-element-1e69dd60 elementor-widget elementor-widget-text-editor\" data-id=\"1e69dd60\" data-element_type=\"widget\" data-e-type=\"widget\" data-widget_type=\"text-editor.default\">\n\t\t\t\t<div class=\"elementor-widget-container\">\n\t\t\t\t\t\t\t\t\t<h4>I\u010cO:<\/h4>\n<p>88672a<\/p>\n<h4>Rejst\u0159\u00edkov\u00fd soud:<\/h4>\n<p>Krajsk\u00fd soud St. P\u00f6lten<\/p>\n<h4>Dozor\u010d\u00ed org\u00e1n:<\/h4>\n<p>Okresn\u00ed spr\u00e1va Scheibbs<\/p>\n<h4>I\u010cO:<\/h4>\n<p>ATU 20103803<\/p>\n<h4>WKO:<\/h4>\n<p><a href=\"https:\/\/www.wko.at\/\">www.wko.at<\/a><\/p>\n<h4>P\u0159edm\u011bt spole\u010dnosti:<\/h4>\n<p>ZKW je mezin\u00e1rodn\u00ed spole\u010dnost, kter\u00e1 vyr\u00e1b\u00ed pr\u00e9miov\u00e9 osv\u011btlovac\u00ed a elektronick\u00e9 syst\u00e9my pro v\u0161echny koncepty mobility v glob\u00e1ln\u00edm automobilov\u00e9m pr\u016fmyslu.<\/p>\n<h4>\u010clenstv\u00ed v komo\u0159e a p\u0159\u00edslu\u0161n\u00e1 pr\u00e1vn\u00ed ustanoven\u00ed:<\/h4>\n<p>ZKW Group GmbH je \u010dlenem Dolnorakousk\u00e9 obchodn\u00ed komory a podl\u00e9h\u00e1 j\u00ed <a href=\"https:\/\/www.ris.bka.gv.at\/\">https:\/\/www.ris.bka.gv.at\/<\/a><\/p>\n\t\t\t\t\t\t\t\t<\/div>\n\t\t\t\t<\/div>\n\t\t\t\t<div class=\"elementor-element elementor-element-84dd848 elementor-widget elementor-widget-button\" data-id=\"84dd848\" data-element_type=\"widget\" data-e-type=\"widget\" data-widget_type=\"button.default\">\n\t\t\t\t<div class=\"elementor-widget-container\">\n\t\t\t\t\t\t\t\t\t<div class=\"elementor-button-wrapper\">\n\t\t\t\t\t<a class=\"elementor-button elementor-button-link elementor-size-sm\" href=\"https:\/\/mail.zkw.at\/owa\" target=\"_blank\">\n\t\t\t\t\t\t<span class=\"elementor-button-content-wrapper\">\n\t\t\t\t\t\t\t\t\t<span class=\"elementor-button-text\">Webmail ZKW<\/span>\n\t\t\t\t\t<\/span>\n\t\t\t\t\t<\/a>\n\t\t\t\t<\/div>\n\t\t\t\t\t\t\t\t<\/div>\n\t\t\t\t<\/div>\n\t\t\t\t\t<\/div>\n\t\t<\/div>\n\t\t\t\t\t<\/div>\n\t\t<\/section>\n\t\t\t\t\t<\/div>\n\t\t<\/div>\n\t\t\t\t<div class=\"elementor-column elementor-col-16 elementor-top-column elementor-element elementor-element-28d2ca54\" data-id=\"28d2ca54\" data-element_type=\"column\" data-e-type=\"column\">\n\t\t\t<div class=\"elementor-widget-wrap\">\n\t\t\t\t\t\t\t<\/div>\n\t\t<\/div>\n\t\t\t\t\t<\/div>\n\t\t<\/section>\n\t\t\t\t<\/div>\n\t\t","protected":false},"excerpt":{"rendered":"<p>Ustanoven\u00ed o autorsk\u00fdch pr\u00e1vech pro skupinu ZKW<\/p>\n","protected":false},"author":3,"featured_media":26943,"parent":0,"menu_order":0,"comment_status":"closed","ping_status":"closed","template":"","meta":{"footnotes":""},"class_list":["post-35941","page","type-page","status-publish","has-post-thumbnail","hentry"],"yoast_head":"<!-- This site is optimized with the Yoast SEO plugin v27.4 - https:\/\/yoast.com\/product\/yoast-seo-wordpress\/ -->\n<title>Impresum - ZKW Group \u2013 BRIGHT MINDS, BRIGHT LIGHTS.<\/title>\n<meta name=\"description\" content=\"Ustanoven\u00ed o autorsk\u00fdch pr\u00e1vech pro skupinu ZKW\" \/>\n<meta name=\"robots\" content=\"index, follow, max-snippet:-1, max-image-preview:large, max-video-preview:-1\" \/>\n<link rel=\"canonical\" href=\"https:\/\/zkw-group.com\/cz\/impresum\/\" \/>\n<meta property=\"og:locale\" content=\"en_US\" \/>\n<meta property=\"og:type\" content=\"article\" \/>\n<meta property=\"og:title\" content=\"Impresum - ZKW Group \u2013 BRIGHT MINDS, BRIGHT LIGHTS.\" \/>\n<meta property=\"og:description\" content=\"Ustanoven\u00ed o autorsk\u00fdch pr\u00e1vech pro skupinu ZKW\" \/>\n<meta property=\"og:url\" content=\"https:\/\/zkw-group.com\/cz\/impresum\/\" \/>\n<meta property=\"og:site_name\" content=\"ZKW Group \u2013 BRIGHT MINDS, BRIGHT LIGHTS.\" \/>\n<meta property=\"article:publisher\" content=\"https:\/\/www.facebook.com\/zkwgroup\/\" \/>\n<meta property=\"article:modified_time\" content=\"2021-03-22T12:28:40+00:00\" \/>\n<meta property=\"og:image\" content=\"https:\/\/zkw-group.com\/wp-content\/uploads\/2019\/08\/keyvisual.jpg\" \/>\n\t<meta property=\"og:image:width\" content=\"1600\" \/>\n\t<meta property=\"og:image:height\" content=\"949\" \/>\n\t<meta property=\"og:image:type\" content=\"image\/jpeg\" \/>\n<meta name=\"twitter:card\" content=\"summary_large_image\" \/>\n<meta name=\"twitter:site\" content=\"@zkw\" \/>\n<meta name=\"twitter:label1\" content=\"Est. reading time\" \/>\n\t<meta name=\"twitter:data1\" content=\"3 minutes\" \/>\n<script type=\"application\/ld+json\" class=\"yoast-schema-graph\">{\"@context\":\"https:\\\/\\\/schema.org\",\"@graph\":[{\"@type\":\"WebPage\",\"@id\":\"https:\\\/\\\/zkw-group.com\\\/cz\\\/impresum\\\/\",\"url\":\"https:\\\/\\\/zkw-group.com\\\/cz\\\/impresum\\\/\",\"name\":\"Impresum - ZKW Group \u2013 BRIGHT MINDS, BRIGHT LIGHTS.\",\"isPartOf\":{\"@id\":\"https:\\\/\\\/zkw-group.com\\\/cz\\\/#website\"},\"primaryImageOfPage\":{\"@id\":\"https:\\\/\\\/zkw-group.com\\\/cz\\\/impresum\\\/#primaryimage\"},\"image\":{\"@id\":\"https:\\\/\\\/zkw-group.com\\\/cz\\\/impresum\\\/#primaryimage\"},\"thumbnailUrl\":\"https:\\\/\\\/zkw-group.com\\\/wp-content\\\/uploads\\\/2019\\\/08\\\/keyvisual.jpg\",\"datePublished\":\"2021-03-22T12:25:12+00:00\",\"dateModified\":\"2021-03-22T12:28:40+00:00\",\"description\":\"Ustanoven\u00ed o autorsk\u00fdch pr\u00e1vech pro skupinu ZKW\",\"inLanguage\":\"cz-CZ\",\"potentialAction\":[{\"@type\":\"ReadAction\",\"target\":[\"https:\\\/\\\/zkw-group.com\\\/cz\\\/impresum\\\/\"]}]},{\"@type\":\"ImageObject\",\"inLanguage\":\"cz-CZ\",\"@id\":\"https:\\\/\\\/zkw-group.com\\\/cz\\\/impresum\\\/#primaryimage\",\"url\":\"https:\\\/\\\/zkw-group.com\\\/wp-content\\\/uploads\\\/2019\\\/08\\\/keyvisual.jpg\",\"contentUrl\":\"https:\\\/\\\/zkw-group.com\\\/wp-content\\\/uploads\\\/2019\\\/08\\\/keyvisual.jpg\",\"width\":1600,\"height\":949},{\"@type\":\"WebSite\",\"@id\":\"https:\\\/\\\/zkw-group.com\\\/cz\\\/#website\",\"url\":\"https:\\\/\\\/zkw-group.com\\\/cz\\\/\",\"name\":\"ZKW Group \u2013 BRIGHT MINDS, BRIGHT LIGHTS.\",\"description\":\"\",\"publisher\":{\"@id\":\"https:\\\/\\\/zkw-group.com\\\/cz\\\/#organization\"},\"potentialAction\":[{\"@type\":\"SearchAction\",\"target\":{\"@type\":\"EntryPoint\",\"urlTemplate\":\"https:\\\/\\\/zkw-group.com\\\/cz\\\/?s={search_term_string}\"},\"query-input\":{\"@type\":\"PropertyValueSpecification\",\"valueRequired\":true,\"valueName\":\"search_term_string\"}}],\"inLanguage\":\"cz-CZ\"},{\"@type\":\"Organization\",\"@id\":\"https:\\\/\\\/zkw-group.com\\\/cz\\\/#organization\",\"name\":\"ZKW Group\",\"url\":\"https:\\\/\\\/zkw-group.com\\\/cz\\\/\",\"logo\":{\"@type\":\"ImageObject\",\"inLanguage\":\"cz-CZ\",\"@id\":\"https:\\\/\\\/zkw-group.com\\\/cz\\\/#\\\/schema\\\/logo\\\/image\\\/\",\"url\":\"https:\\\/\\\/zkw-group.com\\\/wp-content\\\/uploads\\\/2019\\\/08\\\/logo.png\",\"contentUrl\":\"https:\\\/\\\/zkw-group.com\\\/wp-content\\\/uploads\\\/2019\\\/08\\\/logo.png\",\"width\":268,\"height\":130,\"caption\":\"ZKW Group\"},\"image\":{\"@id\":\"https:\\\/\\\/zkw-group.com\\\/cz\\\/#\\\/schema\\\/logo\\\/image\\\/\"},\"sameAs\":[\"https:\\\/\\\/www.facebook.com\\\/zkwgroup\\\/\",\"https:\\\/\\\/x.com\\\/zkw\",\"https:\\\/\\\/www.instagram.com\\\/zkwgroup\\\/\",\"https:\\\/\\\/www.linkedin.com\\\/company\\\/zkw-group\\\/\",\"https:\\\/\\\/www.youtube.com\\\/channel\\\/UCZ7uTlJOUXyDmCKOVT3ERdQ\",\"https:\\\/\\\/de.wikipedia.org\\\/wiki\\\/ZKW\"]}]}<\/script>\n<!-- \/ Yoast SEO plugin. -->","yoast_head_json":{"title":"Impresum - ZKW Group \u2013 BRIGHT MINDS, BRIGHT LIGHTS.","description":"Ustanoven\u00ed o autorsk\u00fdch pr\u00e1vech pro skupinu ZKW","robots":{"index":"index","follow":"follow","max-snippet":"max-snippet:-1","max-image-preview":"max-image-preview:large","max-video-preview":"max-video-preview:-1"},"canonical":"https:\/\/zkw-group.com\/cz\/impresum\/","og_locale":"en_US","og_type":"article","og_title":"Impresum - ZKW Group \u2013 BRIGHT MINDS, BRIGHT LIGHTS.","og_description":"Ustanoven\u00ed o autorsk\u00fdch pr\u00e1vech pro skupinu ZKW","og_url":"https:\/\/zkw-group.com\/cz\/impresum\/","og_site_name":"ZKW Group \u2013 BRIGHT MINDS, BRIGHT LIGHTS.","article_publisher":"https:\/\/www.facebook.com\/zkwgroup\/","article_modified_time":"2021-03-22T12:28:40+00:00","og_image":[{"width":1600,"height":949,"url":"https:\/\/zkw-group.com\/wp-content\/uploads\/2019\/08\/keyvisual.jpg","type":"image\/jpeg"}],"twitter_card":"summary_large_image","twitter_site":"@zkw","twitter_misc":{"Est. reading time":"3 minutes"},"schema":{"@context":"https:\/\/schema.org","@graph":[{"@type":"WebPage","@id":"https:\/\/zkw-group.com\/cz\/impresum\/","url":"https:\/\/zkw-group.com\/cz\/impresum\/","name":"Impresum - ZKW Group \u2013 BRIGHT MINDS, BRIGHT LIGHTS.","isPartOf":{"@id":"https:\/\/zkw-group.com\/cz\/#website"},"primaryImageOfPage":{"@id":"https:\/\/zkw-group.com\/cz\/impresum\/#primaryimage"},"image":{"@id":"https:\/\/zkw-group.com\/cz\/impresum\/#primaryimage"},"thumbnailUrl":"https:\/\/zkw-group.com\/wp-content\/uploads\/2019\/08\/keyvisual.jpg","datePublished":"2021-03-22T12:25:12+00:00","dateModified":"2021-03-22T12:28:40+00:00","description":"Ustanoven\u00ed o autorsk\u00fdch pr\u00e1vech pro skupinu ZKW","inLanguage":"cz-CZ","potentialAction":[{"@type":"ReadAction","target":["https:\/\/zkw-group.com\/cz\/impresum\/"]}]},{"@type":"ImageObject","inLanguage":"cz-CZ","@id":"https:\/\/zkw-group.com\/cz\/impresum\/#primaryimage","url":"https:\/\/zkw-group.com\/wp-content\/uploads\/2019\/08\/keyvisual.jpg","contentUrl":"https:\/\/zkw-group.com\/wp-content\/uploads\/2019\/08\/keyvisual.jpg","width":1600,"height":949},{"@type":"WebSite","@id":"https:\/\/zkw-group.com\/cz\/#website","url":"https:\/\/zkw-group.com\/cz\/","name":"ZKW Group \u2013 BRIGHT MINDS, BRIGHT LIGHTS.","description":"","publisher":{"@id":"https:\/\/zkw-group.com\/cz\/#organization"},"potentialAction":[{"@type":"SearchAction","target":{"@type":"EntryPoint","urlTemplate":"https:\/\/zkw-group.com\/cz\/?s={search_term_string}"},"query-input":{"@type":"PropertyValueSpecification","valueRequired":true,"valueName":"search_term_string"}}],"inLanguage":"cz-CZ"},{"@type":"Organization","@id":"https:\/\/zkw-group.com\/cz\/#organization","name":"ZKW Group","url":"https:\/\/zkw-group.com\/cz\/","logo":{"@type":"ImageObject","inLanguage":"cz-CZ","@id":"https:\/\/zkw-group.com\/cz\/#\/schema\/logo\/image\/","url":"https:\/\/zkw-group.com\/wp-content\/uploads\/2019\/08\/logo.png","contentUrl":"https:\/\/zkw-group.com\/wp-content\/uploads\/2019\/08\/logo.png","width":268,"height":130,"caption":"ZKW Group"},"image":{"@id":"https:\/\/zkw-group.com\/cz\/#\/schema\/logo\/image\/"},"sameAs":["https:\/\/www.facebook.com\/zkwgroup\/","https:\/\/x.com\/zkw","https:\/\/www.instagram.com\/zkwgroup\/","https:\/\/www.linkedin.com\/company\/zkw-group\/","https:\/\/www.youtube.com\/channel\/UCZ7uTlJOUXyDmCKOVT3ERdQ","https:\/\/de.wikipedia.org\/wiki\/ZKW"]}]}},"_links":{"self":[{"href":"https:\/\/zkw-group.com\/cz\/wp-json\/wp\/v2\/pages\/35941","targetHints":{"allow":["GET"]}}],"collection":[{"href":"https:\/\/zkw-group.com\/cz\/wp-json\/wp\/v2\/pages"}],"about":[{"href":"https:\/\/zkw-group.com\/cz\/wp-json\/wp\/v2\/types\/page"}],"author":[{"embeddable":true,"href":"https:\/\/zkw-group.com\/cz\/wp-json\/wp\/v2\/users\/3"}],"replies":[{"embeddable":true,"href":"https:\/\/zkw-group.com\/cz\/wp-json\/wp\/v2\/comments?post=35941"}],"version-history":[{"count":0,"href":"https:\/\/zkw-group.com\/cz\/wp-json\/wp\/v2\/pages\/35941\/revisions"}],"wp:featuredmedia":[{"embeddable":true,"href":"https:\/\/zkw-group.com\/cz\/wp-json\/wp\/v2\/media\/26943"}],"wp:attachment":[{"href":"https:\/\/zkw-group.com\/cz\/wp-json\/wp\/v2\/media?parent=35941"}],"curies":[{"name":"wp","href":"https:\/\/api.w.org\/{rel}","templated":true}]}}