{"id":35948,"date":"2021-03-26T08:21:23","date_gmt":"2021-03-26T07:21:23","guid":{"rendered":"https:\/\/zkw-group.com\/partner\/"},"modified":"2021-04-12T10:21:37","modified_gmt":"2021-04-12T08:21:37","slug":"partner","status":"publish","type":"page","link":"https:\/\/zkw-group.com\/cz\/domu\/partner\/","title":{"rendered":"Partner"},"content":{"rendered":"\t\t<div data-elementor-type=\"wp-page\" data-elementor-id=\"35948\" class=\"elementor elementor-35948 elementor-32649\" data-elementor-post-type=\"page\">\n\t\t\t\t\t\t<section class=\"elementor-section elementor-top-section elementor-element elementor-element-5f275f71 elementor-section-full_width elementor-section-height-min-height elementor-section-height-default elementor-section-items-middle\" data-id=\"5f275f71\" data-element_type=\"section\" data-e-type=\"section\" data-settings=\"{&quot;background_background&quot;:&quot;classic&quot;,&quot;animation&quot;:&quot;none&quot;}\">\n\t\t\t\t\t\t<div class=\"elementor-container elementor-column-gap-default\">\n\t\t\t\t\t<div class=\"elementor-column elementor-col-100 elementor-top-column elementor-element elementor-element-7c0bbad3\" data-id=\"7c0bbad3\" data-element_type=\"column\" data-e-type=\"column\">\n\t\t\t<div class=\"elementor-widget-wrap\">\n\t\t\t\t\t\t\t<\/div>\n\t\t<\/div>\n\t\t\t\t\t<\/div>\n\t\t<\/section>\n\t\t\t\t<section class=\"elementor-section elementor-top-section elementor-element elementor-element-1df68688 elementor-section-full_width elementor-section-height-default elementor-section-height-default elementor-invisible\" data-id=\"1df68688\" data-element_type=\"section\" data-e-type=\"section\" data-settings=\"{&quot;animation&quot;:&quot;fadeIn&quot;}\">\n\t\t\t\t\t\t<div class=\"elementor-container elementor-column-gap-default\">\n\t\t\t\t\t<div class=\"elementor-column elementor-col-16 elementor-top-column elementor-element elementor-element-7757f3\" data-id=\"7757f3\" data-element_type=\"column\" data-e-type=\"column\">\n\t\t\t<div class=\"elementor-widget-wrap\">\n\t\t\t\t\t\t\t<\/div>\n\t\t<\/div>\n\t\t\t\t<div class=\"elementor-column elementor-col-66 elementor-top-column elementor-element elementor-element-5bb7026\" data-id=\"5bb7026\" data-element_type=\"column\" data-e-type=\"column\">\n\t\t\t<div class=\"elementor-widget-wrap elementor-element-populated\">\n\t\t\t\t\t\t<div class=\"elementor-element elementor-element-39cdd2c1 elementor-widget elementor-widget-breadcrumbs\" data-id=\"39cdd2c1\" data-element_type=\"widget\" data-e-type=\"widget\" data-widget_type=\"breadcrumbs.default\">\n\t\t\t\t<div class=\"elementor-widget-container\">\n\t\t\t\t\t<p id=\"breadcrumbs\"><\/p>\t\t\t\t<\/div>\n\t\t\t\t<\/div>\n\t\t\t\t<div class=\"elementor-element elementor-element-3ffdc815 elementor-widget elementor-widget-heading\" data-id=\"3ffdc815\" data-element_type=\"widget\" data-e-type=\"widget\" data-widget_type=\"heading.default\">\n\t\t\t\t<div class=\"elementor-widget-container\">\n\t\t\t\t\t<h1 class=\"elementor-heading-title elementor-size-default\">Partner<\/h1>\t\t\t\t<\/div>\n\t\t\t\t<\/div>\n\t\t\t\t<section class=\"elementor-section elementor-inner-section elementor-element elementor-element-3f85bd7f elementor-section-full_width elementor-section-height-default elementor-section-height-default\" data-id=\"3f85bd7f\" data-element_type=\"section\" data-e-type=\"section\">\n\t\t\t\t\t\t<div class=\"elementor-container elementor-column-gap-default\">\n\t\t\t\t\t<div class=\"elementor-column elementor-col-66 elementor-inner-column elementor-element elementor-element-2fe8b2ea\" data-id=\"2fe8b2ea\" data-element_type=\"column\" data-e-type=\"column\">\n\t\t\t<div class=\"elementor-widget-wrap elementor-element-populated\">\n\t\t\t\t\t\t<div class=\"elementor-element elementor-element-65e79a47 intro-txt elementor-widget elementor-widget-heading\" data-id=\"65e79a47\" data-element_type=\"widget\" data-e-type=\"widget\" data-widget_type=\"heading.default\">\n\t\t\t\t<div class=\"elementor-widget-container\">\n\t\t\t\t\t<h3 class=\"elementor-heading-title elementor-size-default\">Skupina ZKW se s\u00eddlem ve Wieselburgu je glob\u00e1ln\u00edm partnerem automobilov\u00e9ho pr\u016fmyslu. Z Rakouska do cel\u00e9ho sv\u011bta exportuje ZKW spolu s dvan\u00e1cti mezin\u00e1rodn\u00edmi pobo\u010dkami bezpe\u010dnost silni\u010dn\u00edho provozu.<\/h3>\t\t\t\t<\/div>\n\t\t\t\t<\/div>\n\t\t\t\t<div class=\"elementor-element elementor-element-56e9ac40 elementor-widget elementor-widget-text-editor\" data-id=\"56e9ac40\" data-element_type=\"widget\" data-e-type=\"widget\" data-widget_type=\"text-editor.default\">\n\t\t\t\t<div class=\"elementor-widget-container\">\n\t\t\t\t\t\t\t\t\t<p>Partnerstv\u00ed na cest\u011b k \u00fasp\u011bchu: Spolu s extern\u00edmi partnery pro spolupr\u00e1ci je ZKW hybnou silou inovac\u00ed zam\u011b\u0159en\u00fdch na budoucnost. Jako dodavatel s glob\u00e1ln\u011b propojen\u00fdmi dodavatelsk\u00fdmi \u0159et\u011bzci ZKW v\u00ed, \u017ee \u00fasp\u011bch je sou\u010dtem jednotliv\u00fdch \u010d\u00e1st\u00ed. Pokud jde o autonomn\u00ed \u0159\u00edzen\u00ed, individualizaci, digitalizaci a elektronickou mobilitu, spole\u010dnost ZKW t\u00e1hne spole\u010dn\u011b se sv\u00fdmi partnery za jeden provaz.<br \/>\nZKW je dr\u017eitelem mnoha mezin\u00e1rodn\u00edch patent\u016f. Inovace pro mobilitu budoucnosti se t\u00fdkaj\u00ed osv\u011btlovac\u00edch syst\u00e9m\u016f s vysok\u00fdm rozli\u0161en\u00edm, \u0159e\u0161en\u00ed pro autonomn\u00ed \u0159\u00edzen\u00ed a inovativn\u00edho stylu.<\/p>\n\t\t\t\t\t\t\t\t<\/div>\n\t\t\t\t<\/div>\n\t\t\t\t\t<\/div>\n\t\t<\/div>\n\t\t\t\t<div class=\"elementor-column elementor-col-33 elementor-inner-column elementor-element elementor-element-55cf15d6\" data-id=\"55cf15d6\" data-element_type=\"column\" data-e-type=\"column\" data-settings=\"{&quot;background_background&quot;:&quot;classic&quot;}\">\n\t\t\t<div class=\"elementor-widget-wrap elementor-element-populated\">\n\t\t\t\t\t\t<div class=\"elementor-element elementor-element-580bce15 teaser-big elementor-widget elementor-widget-image\" data-id=\"580bce15\" data-element_type=\"widget\" data-e-type=\"widget\" data-widget_type=\"image.default\">\n\t\t\t\t<div class=\"elementor-widget-container\">\n\t\t\t\t\t\t\t\t\t\t\t\t\t\t\t\t<a href=\"https:\/\/zkw-group.com\/lighthouse\/\">\n\t\t\t\t\t\t\t<img fetchpriority=\"high\" decoding=\"async\" width=\"768\" height=\"314\" src=\"https:\/\/zkw-group.com\/wp-content\/uploads\/2020\/04\/lighthouse-grid-768x314.png\" class=\"attachment-medium_large size-medium_large wp-image-37140\" alt=\"\" srcset=\"https:\/\/zkwgroup.wpenginepowered.com\/wp-content\/uploads\/2020\/04\/lighthouse-grid-768x314.png 768w, https:\/\/zkwgroup.wpenginepowered.com\/wp-content\/uploads\/2020\/04\/lighthouse-grid-300x122.png 300w, https:\/\/zkwgroup.wpenginepowered.com\/wp-content\/uploads\/2020\/04\/lighthouse-grid-1024x419.png 1024w, https:\/\/zkwgroup.wpenginepowered.com\/wp-content\/uploads\/2020\/04\/lighthouse-grid-1536x628.png 1536w, https:\/\/zkwgroup.wpenginepowered.com\/wp-content\/uploads\/2020\/04\/lighthouse-grid-2048x838.png 2048w, https:\/\/zkwgroup.wpenginepowered.com\/wp-content\/uploads\/2020\/04\/lighthouse-grid.png 2000w\" sizes=\"(max-width: 768px) 100vw, 768px\" \/>\t\t\t\t\t\t\t\t<\/a>\n\t\t\t\t\t\t\t\t\t\t\t\t\t\t\t<\/div>\n\t\t\t\t<\/div>\n\t\t\t\t<div class=\"elementor-element elementor-element-550e4b28 media-headline elementor-widget elementor-widget-heading\" data-id=\"550e4b28\" data-element_type=\"widget\" data-e-type=\"widget\" data-widget_type=\"heading.default\">\n\t\t\t\t<div class=\"elementor-widget-container\">\n\t\t\t\t\t<h3 class=\"elementor-heading-title elementor-size-default\">ZKW open:lighthouse<\/h3>\t\t\t\t<\/div>\n\t\t\t\t<\/div>\n\t\t\t\t<div class=\"elementor-element elementor-element-4bb9e22 elementor-widget elementor-widget-text-editor\" data-id=\"4bb9e22\" data-element_type=\"widget\" data-e-type=\"widget\" data-widget_type=\"text-editor.default\">\n\t\t\t\t<div class=\"elementor-widget-container\">\n\t\t\t\t\t\t\t\t\t<p>Bright minds welcome! At ZKW open:lighthouse, lighting and electronic experts from ZKW work with external cooperative partners like start-ups, universities and makers to develop pioneering innovations for the mobility of the future.<\/p>\n<p><a href=\"https:\/\/zkw-group.com\/en\/lighthouse\/\">Read more<\/a><\/p>\n\t\t\t\t\t\t\t\t<\/div>\n\t\t\t\t<\/div>\n\t\t\t\t\t<\/div>\n\t\t<\/div>\n\t\t\t\t\t<\/div>\n\t\t<\/section>\n\t\t\t\t\t<\/div>\n\t\t<\/div>\n\t\t\t\t<div class=\"elementor-column elementor-col-16 elementor-top-column elementor-element elementor-element-7104b0f6\" data-id=\"7104b0f6\" data-element_type=\"column\" data-e-type=\"column\">\n\t\t\t<div class=\"elementor-widget-wrap\">\n\t\t\t\t\t\t\t<\/div>\n\t\t<\/div>\n\t\t\t\t\t<\/div>\n\t\t<\/section>\n\t\t\t\t<section class=\"elementor-section elementor-top-section elementor-element elementor-element-3be324af elementor-section-full_width elementor-section-height-default elementor-section-height-default\" data-id=\"3be324af\" data-element_type=\"section\" data-e-type=\"section\" data-settings=\"{&quot;background_background&quot;:&quot;classic&quot;}\">\n\t\t\t\t\t\t<div class=\"elementor-container elementor-column-gap-no\">\n\t\t\t\t\t<div class=\"elementor-column elementor-col-50 elementor-top-column elementor-element elementor-element-3b7988e9\" data-id=\"3b7988e9\" data-element_type=\"column\" data-e-type=\"column\">\n\t\t\t<div class=\"elementor-widget-wrap elementor-element-populated\">\n\t\t\t\t\t\t<div class=\"elementor-element elementor-element-337dfecf teaser-big elementor-widget elementor-widget-image\" data-id=\"337dfecf\" data-element_type=\"widget\" data-e-type=\"widget\" data-widget_type=\"image.default\">\n\t\t\t\t<div class=\"elementor-widget-container\">\n\t\t\t\t\t\t\t\t\t\t\t\t\t\t\t\t<a href=\"https:\/\/zkw-group.com\/cz\/partner\/zakaznici\/\">\n\t\t\t\t\t\t\t<img decoding=\"async\" width=\"1980\" height=\"1080\" src=\"https:\/\/zkw-group.com\/wp-content\/uploads\/2020\/05\/Auflockerer_6.jpg\" class=\"attachment-full size-full wp-image-37235\" alt=\"\" srcset=\"https:\/\/zkwgroup.wpenginepowered.com\/wp-content\/uploads\/2020\/05\/Auflockerer_6.jpg 1980w, https:\/\/zkwgroup.wpenginepowered.com\/wp-content\/uploads\/2020\/05\/Auflockerer_6-300x163.jpg 300w, https:\/\/zkwgroup.wpenginepowered.com\/wp-content\/uploads\/2020\/05\/Auflockerer_6-1024x558.jpg 1024w, https:\/\/zkwgroup.wpenginepowered.com\/wp-content\/uploads\/2020\/05\/Auflockerer_6-768x418.jpg 768w, https:\/\/zkwgroup.wpenginepowered.com\/wp-content\/uploads\/2020\/05\/Auflockerer_6-1536x837.jpg 1536w, https:\/\/zkwgroup.wpenginepowered.com\/wp-content\/uploads\/2020\/05\/Auflockerer_6-2048x1117.jpg 2048w\" sizes=\"(max-width: 1980px) 100vw, 1980px\" \/>\t\t\t\t\t\t\t\t<\/a>\n\t\t\t\t\t\t\t\t\t\t\t\t\t\t\t<\/div>\n\t\t\t\t<\/div>\n\t\t\t\t\t<\/div>\n\t\t<\/div>\n\t\t\t\t<div class=\"elementor-column elementor-col-50 elementor-top-column elementor-element elementor-element-8684c8d\" data-id=\"8684c8d\" data-element_type=\"column\" data-e-type=\"column\">\n\t\t\t<div class=\"elementor-widget-wrap elementor-element-populated\">\n\t\t\t\t\t\t<div class=\"elementor-element elementor-element-1e05c79e elementor-widget elementor-widget-heading\" data-id=\"1e05c79e\" data-element_type=\"widget\" data-e-type=\"widget\" data-widget_type=\"heading.default\">\n\t\t\t\t<div class=\"elementor-widget-container\">\n\t\t\t\t\t<h2 class=\"elementor-heading-title elementor-size-default\">Z\u00e1kazn\u00edci<\/h2>\t\t\t\t<\/div>\n\t\t\t\t<\/div>\n\t\t\t\t<div class=\"elementor-element elementor-element-4bbc467e elementor-widget elementor-widget-text-editor\" data-id=\"4bbc467e\" data-element_type=\"widget\" data-e-type=\"widget\" data-widget_type=\"text-editor.default\">\n\t\t\t\t<div class=\"elementor-widget-container\">\n\t\t\t\t\t\t\t\t\t<p>ZKW stav\u00ed do pop\u0159ed\u00ed po\u017eadavky sv\u00fdch z\u00e1kazn\u00edk\u016f. ZKW osv\u011btluje cestu budoucnosti pomoc\u00ed inteligentn\u00edho osv\u011btlen\u00ed a elektronick\u00fdch syst\u00e9m\u016f ve \u0161pi\u010dkov\u00e9 kvalit\u011b.<\/p>\n<p><a href=\"https:\/\/zkw-group.com\/cz\/partner\/zakaznici\/\">Zjistit v\u00edce<\/a><\/p>\n\t\t\t\t\t\t\t\t<\/div>\n\t\t\t\t<\/div>\n\t\t\t\t\t<\/div>\n\t\t<\/div>\n\t\t\t\t\t<\/div>\n\t\t<\/section>\n\t\t\t\t<section class=\"elementor-section elementor-top-section elementor-element elementor-element-5ca4a428 elementor-section-full_width elementor-reverse-tablet elementor-reverse-mobile elementor-section-height-default elementor-section-height-default\" data-id=\"5ca4a428\" data-element_type=\"section\" data-e-type=\"section\" data-settings=\"{&quot;background_background&quot;:&quot;classic&quot;}\">\n\t\t\t\t\t\t<div class=\"elementor-container elementor-column-gap-no\">\n\t\t\t\t\t<div class=\"elementor-column elementor-col-50 elementor-top-column elementor-element elementor-element-45592e24\" data-id=\"45592e24\" data-element_type=\"column\" data-e-type=\"column\">\n\t\t\t<div class=\"elementor-widget-wrap elementor-element-populated\">\n\t\t\t\t\t\t<div class=\"elementor-element elementor-element-3c4ab281 elementor-widget elementor-widget-heading\" data-id=\"3c4ab281\" data-element_type=\"widget\" data-e-type=\"widget\" data-widget_type=\"heading.default\">\n\t\t\t\t<div class=\"elementor-widget-container\">\n\t\t\t\t\t<h2 class=\"elementor-heading-title elementor-size-default\">Dodavatel\u00e9<\/h2>\t\t\t\t<\/div>\n\t\t\t\t<\/div>\n\t\t\t\t<div class=\"elementor-element elementor-element-163e014d elementor-widget elementor-widget-text-editor\" data-id=\"163e014d\" data-element_type=\"widget\" data-e-type=\"widget\" data-widget_type=\"text-editor.default\">\n\t\t\t\t<div class=\"elementor-widget-container\">\n\t\t\t\t\t\t\t\t\t<p>V \u00fazk\u00e9 spolupr\u00e1ci s dodavateli nab\u00edz\u00ed ZKW pr\u016fkopnick\u00e1 360\u00b0 \u0159e\u0161en\u00ed jako syst\u00e9mov\u00fd dodavatel a pr\u016fkopnick\u00e1 360\u00b0 \u0159e\u0161en\u00ed pro glob\u00e1ln\u00ed automobilov\u00fd pr\u016fmysl.<\/p>\n<p><a href=\"https:\/\/zkw-group.com\/cz\/partner\/dodavatele\/\">Zjistit v\u00edce<\/a><\/p>\n\t\t\t\t\t\t\t\t<\/div>\n\t\t\t\t<\/div>\n\t\t\t\t\t<\/div>\n\t\t<\/div>\n\t\t\t\t<div class=\"elementor-column elementor-col-50 elementor-top-column elementor-element elementor-element-2a18f73c\" data-id=\"2a18f73c\" data-element_type=\"column\" data-e-type=\"column\">\n\t\t\t<div class=\"elementor-widget-wrap elementor-element-populated\">\n\t\t\t\t\t\t<div class=\"elementor-element elementor-element-38bda1a teaser-big elementor-widget elementor-widget-image\" data-id=\"38bda1a\" data-element_type=\"widget\" data-e-type=\"widget\" data-widget_type=\"image.default\">\n\t\t\t\t<div class=\"elementor-widget-container\">\n\t\t\t\t\t\t\t\t\t\t\t\t\t\t\t\t<a href=\"https:\/\/zkw-group.com\/cz\/partner\/dodavatele\/\">\n\t\t\t\t\t\t\t<img decoding=\"async\" width=\"1170\" height=\"624\" src=\"https:\/\/zkw-group.com\/wp-content\/uploads\/2020\/05\/InsideZKW_MidHeader.jpg\" class=\"attachment-full size-full wp-image-37236\" alt=\"\" srcset=\"https:\/\/zkwgroup.wpenginepowered.com\/wp-content\/uploads\/2020\/05\/InsideZKW_MidHeader.jpg 1170w, https:\/\/zkwgroup.wpenginepowered.com\/wp-content\/uploads\/2020\/05\/InsideZKW_MidHeader-300x160.jpg 300w, https:\/\/zkwgroup.wpenginepowered.com\/wp-content\/uploads\/2020\/05\/InsideZKW_MidHeader-1024x546.jpg 1024w, https:\/\/zkwgroup.wpenginepowered.com\/wp-content\/uploads\/2020\/05\/InsideZKW_MidHeader-768x409.jpg 768w, https:\/\/zkwgroup.wpenginepowered.com\/wp-content\/uploads\/2020\/05\/InsideZKW_MidHeader-1536x819.jpg 1536w, https:\/\/zkwgroup.wpenginepowered.com\/wp-content\/uploads\/2020\/05\/InsideZKW_MidHeader-2048x1092.jpg 2048w\" sizes=\"(max-width: 1170px) 100vw, 1170px\" \/>\t\t\t\t\t\t\t\t<\/a>\n\t\t\t\t\t\t\t\t\t\t\t\t\t\t\t<\/div>\n\t\t\t\t<\/div>\n\t\t\t\t\t<\/div>\n\t\t<\/div>\n\t\t\t\t\t<\/div>\n\t\t<\/section>\n\t\t\t\t<\/div>\n\t\t","protected":false},"excerpt":{"rendered":"<p>Skupina ZKW se s\u00eddlem ve Wieselburgu je glob\u00e1ln\u00edm partnerem automobilov\u00e9ho pr\u016fmyslu. Z Rakouska do cel\u00e9ho sv\u011bta exportuje ZKW spolu s dvan\u00e1cti mezin\u00e1rodn\u00edmi pobo\u010dkami bezpe\u010dnost silni\u010dn\u00edho provozu.<\/p>\n","protected":false},"author":3,"featured_media":26943,"parent":37712,"menu_order":0,"comment_status":"closed","ping_status":"closed","template":"","meta":{"footnotes":""},"class_list":["post-35948","page","type-page","status-publish","has-post-thumbnail","hentry"],"yoast_head":"<!-- This site is optimized with the Yoast SEO plugin v27.5 - https:\/\/yoast.com\/product\/yoast-seo-wordpress\/ -->\n<title>Partner - ZKW Group \u2013 BRIGHT MINDS, BRIGHT LIGHTS.<\/title>\n<meta name=\"description\" content=\"Skupina ZKW se s\u00eddlem ve Wieselburgu je glob\u00e1ln\u00edm partnerem automobilov\u00e9ho pr\u016fmyslu. Z Rakouska do cel\u00e9ho sv\u011bta exportuje ZKW spolu s dvan\u00e1cti mezin\u00e1rodn\u00edmi pobo\u010dkami bezpe\u010dnost silni\u010dn\u00edho provozu.\" \/>\n<meta name=\"robots\" content=\"index, follow, max-snippet:-1, max-image-preview:large, max-video-preview:-1\" \/>\n<link rel=\"canonical\" href=\"https:\/\/zkw-group.com\/cz\/domu\/partner\/\" \/>\n<meta property=\"og:locale\" content=\"en_US\" \/>\n<meta property=\"og:type\" content=\"article\" \/>\n<meta property=\"og:title\" content=\"Partner - ZKW Group \u2013 BRIGHT MINDS, BRIGHT LIGHTS.\" \/>\n<meta property=\"og:description\" content=\"Skupina ZKW se s\u00eddlem ve Wieselburgu je glob\u00e1ln\u00edm partnerem automobilov\u00e9ho pr\u016fmyslu. Z Rakouska do cel\u00e9ho sv\u011bta exportuje ZKW spolu s dvan\u00e1cti mezin\u00e1rodn\u00edmi pobo\u010dkami bezpe\u010dnost silni\u010dn\u00edho provozu.\" \/>\n<meta property=\"og:url\" content=\"https:\/\/zkw-group.com\/cz\/domu\/partner\/\" \/>\n<meta property=\"og:site_name\" content=\"ZKW Group \u2013 BRIGHT MINDS, BRIGHT LIGHTS.\" \/>\n<meta property=\"article:publisher\" content=\"https:\/\/www.facebook.com\/zkwgroup\/\" \/>\n<meta property=\"article:modified_time\" content=\"2021-04-12T08:21:37+00:00\" \/>\n<meta property=\"og:image\" content=\"https:\/\/zkw-group.com\/wp-content\/uploads\/2019\/08\/keyvisual.jpg\" \/>\n\t<meta property=\"og:image:width\" content=\"1600\" \/>\n\t<meta property=\"og:image:height\" content=\"949\" \/>\n\t<meta property=\"og:image:type\" content=\"image\/jpeg\" \/>\n<meta name=\"twitter:card\" content=\"summary_large_image\" \/>\n<meta name=\"twitter:site\" content=\"@zkw\" \/>\n<meta name=\"twitter:label1\" content=\"Est. reading time\" \/>\n\t<meta name=\"twitter:data1\" content=\"2 minutes\" \/>\n<script type=\"application\/ld+json\" class=\"yoast-schema-graph\">{\"@context\":\"https:\\\/\\\/schema.org\",\"@graph\":[{\"@type\":\"WebPage\",\"@id\":\"https:\\\/\\\/zkw-group.com\\\/cz\\\/domu\\\/partner\\\/\",\"url\":\"https:\\\/\\\/zkw-group.com\\\/cz\\\/domu\\\/partner\\\/\",\"name\":\"Partner - ZKW Group \u2013 BRIGHT MINDS, BRIGHT LIGHTS.\",\"isPartOf\":{\"@id\":\"https:\\\/\\\/zkw-group.com\\\/cz\\\/#website\"},\"primaryImageOfPage\":{\"@id\":\"https:\\\/\\\/zkw-group.com\\\/cz\\\/domu\\\/partner\\\/#primaryimage\"},\"image\":{\"@id\":\"https:\\\/\\\/zkw-group.com\\\/cz\\\/domu\\\/partner\\\/#primaryimage\"},\"thumbnailUrl\":\"https:\\\/\\\/zkw-group.com\\\/wp-content\\\/uploads\\\/2019\\\/08\\\/keyvisual.jpg\",\"datePublished\":\"2021-03-26T07:21:23+00:00\",\"dateModified\":\"2021-04-12T08:21:37+00:00\",\"description\":\"Skupina ZKW se s\u00eddlem ve Wieselburgu je glob\u00e1ln\u00edm partnerem automobilov\u00e9ho pr\u016fmyslu. Z Rakouska do cel\u00e9ho sv\u011bta exportuje ZKW spolu s dvan\u00e1cti mezin\u00e1rodn\u00edmi pobo\u010dkami bezpe\u010dnost silni\u010dn\u00edho provozu.\",\"breadcrumb\":{\"@id\":\"https:\\\/\\\/zkw-group.com\\\/cz\\\/domu\\\/partner\\\/#breadcrumb\"},\"inLanguage\":\"cz-CZ\",\"potentialAction\":[{\"@type\":\"ReadAction\",\"target\":[\"https:\\\/\\\/zkw-group.com\\\/cz\\\/domu\\\/partner\\\/\"]}]},{\"@type\":\"ImageObject\",\"inLanguage\":\"cz-CZ\",\"@id\":\"https:\\\/\\\/zkw-group.com\\\/cz\\\/domu\\\/partner\\\/#primaryimage\",\"url\":\"https:\\\/\\\/zkw-group.com\\\/wp-content\\\/uploads\\\/2019\\\/08\\\/keyvisual.jpg\",\"contentUrl\":\"https:\\\/\\\/zkw-group.com\\\/wp-content\\\/uploads\\\/2019\\\/08\\\/keyvisual.jpg\",\"width\":1600,\"height\":949},{\"@type\":\"BreadcrumbList\",\"@id\":\"https:\\\/\\\/zkw-group.com\\\/cz\\\/domu\\\/partner\\\/#breadcrumb\",\"itemListElement\":[{\"@type\":\"ListItem\",\"position\":1,\"name\":\"Dom\u016f\",\"item\":\"https:\\\/\\\/zkw-group.com\\\/cz\\\/\"},{\"@type\":\"ListItem\",\"position\":2,\"name\":\"Partner\"}]},{\"@type\":\"WebSite\",\"@id\":\"https:\\\/\\\/zkw-group.com\\\/cz\\\/#website\",\"url\":\"https:\\\/\\\/zkw-group.com\\\/cz\\\/\",\"name\":\"ZKW Group \u2013 BRIGHT MINDS, BRIGHT LIGHTS.\",\"description\":\"\",\"publisher\":{\"@id\":\"https:\\\/\\\/zkw-group.com\\\/cz\\\/#organization\"},\"potentialAction\":[{\"@type\":\"SearchAction\",\"target\":{\"@type\":\"EntryPoint\",\"urlTemplate\":\"https:\\\/\\\/zkw-group.com\\\/cz\\\/?s={search_term_string}\"},\"query-input\":{\"@type\":\"PropertyValueSpecification\",\"valueRequired\":true,\"valueName\":\"search_term_string\"}}],\"inLanguage\":\"cz-CZ\"},{\"@type\":\"Organization\",\"@id\":\"https:\\\/\\\/zkw-group.com\\\/cz\\\/#organization\",\"name\":\"ZKW Group\",\"url\":\"https:\\\/\\\/zkw-group.com\\\/cz\\\/\",\"logo\":{\"@type\":\"ImageObject\",\"inLanguage\":\"cz-CZ\",\"@id\":\"https:\\\/\\\/zkw-group.com\\\/cz\\\/#\\\/schema\\\/logo\\\/image\\\/\",\"url\":\"https:\\\/\\\/zkw-group.com\\\/wp-content\\\/uploads\\\/2019\\\/08\\\/logo.png\",\"contentUrl\":\"https:\\\/\\\/zkw-group.com\\\/wp-content\\\/uploads\\\/2019\\\/08\\\/logo.png\",\"width\":268,\"height\":130,\"caption\":\"ZKW Group\"},\"image\":{\"@id\":\"https:\\\/\\\/zkw-group.com\\\/cz\\\/#\\\/schema\\\/logo\\\/image\\\/\"},\"sameAs\":[\"https:\\\/\\\/www.facebook.com\\\/zkwgroup\\\/\",\"https:\\\/\\\/x.com\\\/zkw\",\"https:\\\/\\\/www.instagram.com\\\/zkwgroup\\\/\",\"https:\\\/\\\/www.linkedin.com\\\/company\\\/zkw-group\\\/\",\"https:\\\/\\\/www.youtube.com\\\/channel\\\/UCZ7uTlJOUXyDmCKOVT3ERdQ\",\"https:\\\/\\\/de.wikipedia.org\\\/wiki\\\/ZKW\"]}]}<\/script>\n<!-- \/ Yoast SEO plugin. -->","yoast_head_json":{"title":"Partner - ZKW Group \u2013 BRIGHT MINDS, BRIGHT LIGHTS.","description":"Skupina ZKW se s\u00eddlem ve Wieselburgu je glob\u00e1ln\u00edm partnerem automobilov\u00e9ho pr\u016fmyslu. Z Rakouska do cel\u00e9ho sv\u011bta exportuje ZKW spolu s dvan\u00e1cti mezin\u00e1rodn\u00edmi pobo\u010dkami bezpe\u010dnost silni\u010dn\u00edho provozu.","robots":{"index":"index","follow":"follow","max-snippet":"max-snippet:-1","max-image-preview":"max-image-preview:large","max-video-preview":"max-video-preview:-1"},"canonical":"https:\/\/zkw-group.com\/cz\/domu\/partner\/","og_locale":"en_US","og_type":"article","og_title":"Partner - ZKW Group \u2013 BRIGHT MINDS, BRIGHT LIGHTS.","og_description":"Skupina ZKW se s\u00eddlem ve Wieselburgu je glob\u00e1ln\u00edm partnerem automobilov\u00e9ho pr\u016fmyslu. Z Rakouska do cel\u00e9ho sv\u011bta exportuje ZKW spolu s dvan\u00e1cti mezin\u00e1rodn\u00edmi pobo\u010dkami bezpe\u010dnost silni\u010dn\u00edho provozu.","og_url":"https:\/\/zkw-group.com\/cz\/domu\/partner\/","og_site_name":"ZKW Group \u2013 BRIGHT MINDS, BRIGHT LIGHTS.","article_publisher":"https:\/\/www.facebook.com\/zkwgroup\/","article_modified_time":"2021-04-12T08:21:37+00:00","og_image":[{"width":1600,"height":949,"url":"https:\/\/zkw-group.com\/wp-content\/uploads\/2019\/08\/keyvisual.jpg","type":"image\/jpeg"}],"twitter_card":"summary_large_image","twitter_site":"@zkw","twitter_misc":{"Est. reading time":"2 minutes"},"schema":{"@context":"https:\/\/schema.org","@graph":[{"@type":"WebPage","@id":"https:\/\/zkw-group.com\/cz\/domu\/partner\/","url":"https:\/\/zkw-group.com\/cz\/domu\/partner\/","name":"Partner - ZKW Group \u2013 BRIGHT MINDS, BRIGHT LIGHTS.","isPartOf":{"@id":"https:\/\/zkw-group.com\/cz\/#website"},"primaryImageOfPage":{"@id":"https:\/\/zkw-group.com\/cz\/domu\/partner\/#primaryimage"},"image":{"@id":"https:\/\/zkw-group.com\/cz\/domu\/partner\/#primaryimage"},"thumbnailUrl":"https:\/\/zkw-group.com\/wp-content\/uploads\/2019\/08\/keyvisual.jpg","datePublished":"2021-03-26T07:21:23+00:00","dateModified":"2021-04-12T08:21:37+00:00","description":"Skupina ZKW se s\u00eddlem ve Wieselburgu je glob\u00e1ln\u00edm partnerem automobilov\u00e9ho pr\u016fmyslu. Z Rakouska do cel\u00e9ho sv\u011bta exportuje ZKW spolu s dvan\u00e1cti mezin\u00e1rodn\u00edmi pobo\u010dkami bezpe\u010dnost silni\u010dn\u00edho provozu.","breadcrumb":{"@id":"https:\/\/zkw-group.com\/cz\/domu\/partner\/#breadcrumb"},"inLanguage":"cz-CZ","potentialAction":[{"@type":"ReadAction","target":["https:\/\/zkw-group.com\/cz\/domu\/partner\/"]}]},{"@type":"ImageObject","inLanguage":"cz-CZ","@id":"https:\/\/zkw-group.com\/cz\/domu\/partner\/#primaryimage","url":"https:\/\/zkw-group.com\/wp-content\/uploads\/2019\/08\/keyvisual.jpg","contentUrl":"https:\/\/zkw-group.com\/wp-content\/uploads\/2019\/08\/keyvisual.jpg","width":1600,"height":949},{"@type":"BreadcrumbList","@id":"https:\/\/zkw-group.com\/cz\/domu\/partner\/#breadcrumb","itemListElement":[{"@type":"ListItem","position":1,"name":"Dom\u016f","item":"https:\/\/zkw-group.com\/cz\/"},{"@type":"ListItem","position":2,"name":"Partner"}]},{"@type":"WebSite","@id":"https:\/\/zkw-group.com\/cz\/#website","url":"https:\/\/zkw-group.com\/cz\/","name":"ZKW Group \u2013 BRIGHT MINDS, BRIGHT LIGHTS.","description":"","publisher":{"@id":"https:\/\/zkw-group.com\/cz\/#organization"},"potentialAction":[{"@type":"SearchAction","target":{"@type":"EntryPoint","urlTemplate":"https:\/\/zkw-group.com\/cz\/?s={search_term_string}"},"query-input":{"@type":"PropertyValueSpecification","valueRequired":true,"valueName":"search_term_string"}}],"inLanguage":"cz-CZ"},{"@type":"Organization","@id":"https:\/\/zkw-group.com\/cz\/#organization","name":"ZKW Group","url":"https:\/\/zkw-group.com\/cz\/","logo":{"@type":"ImageObject","inLanguage":"cz-CZ","@id":"https:\/\/zkw-group.com\/cz\/#\/schema\/logo\/image\/","url":"https:\/\/zkw-group.com\/wp-content\/uploads\/2019\/08\/logo.png","contentUrl":"https:\/\/zkw-group.com\/wp-content\/uploads\/2019\/08\/logo.png","width":268,"height":130,"caption":"ZKW Group"},"image":{"@id":"https:\/\/zkw-group.com\/cz\/#\/schema\/logo\/image\/"},"sameAs":["https:\/\/www.facebook.com\/zkwgroup\/","https:\/\/x.com\/zkw","https:\/\/www.instagram.com\/zkwgroup\/","https:\/\/www.linkedin.com\/company\/zkw-group\/","https:\/\/www.youtube.com\/channel\/UCZ7uTlJOUXyDmCKOVT3ERdQ","https:\/\/de.wikipedia.org\/wiki\/ZKW"]}]}},"_links":{"self":[{"href":"https:\/\/zkw-group.com\/cz\/wp-json\/wp\/v2\/pages\/35948","targetHints":{"allow":["GET"]}}],"collection":[{"href":"https:\/\/zkw-group.com\/cz\/wp-json\/wp\/v2\/pages"}],"about":[{"href":"https:\/\/zkw-group.com\/cz\/wp-json\/wp\/v2\/types\/page"}],"author":[{"embeddable":true,"href":"https:\/\/zkw-group.com\/cz\/wp-json\/wp\/v2\/users\/3"}],"replies":[{"embeddable":true,"href":"https:\/\/zkw-group.com\/cz\/wp-json\/wp\/v2\/comments?post=35948"}],"version-history":[{"count":0,"href":"https:\/\/zkw-group.com\/cz\/wp-json\/wp\/v2\/pages\/35948\/revisions"}],"up":[{"embeddable":true,"href":"https:\/\/zkw-group.com\/cz\/wp-json\/wp\/v2\/pages\/37712"}],"wp:featuredmedia":[{"embeddable":true,"href":"https:\/\/zkw-group.com\/cz\/wp-json\/wp\/v2\/media\/26943"}],"wp:attachment":[{"href":"https:\/\/zkw-group.com\/cz\/wp-json\/wp\/v2\/media?parent=35948"}],"curies":[{"name":"wp","href":"https:\/\/api.w.org\/{rel}","templated":true}]}}