{"id":28027,"date":"2019-08-12T14:41:03","date_gmt":"2019-08-12T12:41:03","guid":{"rendered":"http:\/\/zkw-group.com\/pagina-legal\/"},"modified":"2019-10-03T13:28:56","modified_gmt":"2019-10-03T11:28:56","slug":"pagina-legal","status":"publish","type":"page","link":"https:\/\/zkw-group.com\/es\/pagina-legal\/","title":{"rendered":"P\u00e1gina legal"},"content":{"rendered":"\t\t<div data-elementor-type=\"wp-post\" data-elementor-id=\"28027\" class=\"elementor elementor-28027 elementor-26902\" data-elementor-post-type=\"page\">\n\t\t\t\t\t\t<section class=\"elementor-section elementor-top-section elementor-element elementor-element-26013687 elementor-section-full_width elementor-section-height-min-height elementor-section-height-default elementor-section-items-middle\" data-id=\"26013687\" data-element_type=\"section\" data-e-type=\"section\" data-settings=\"{&quot;background_background&quot;:&quot;classic&quot;}\">\n\t\t\t\t\t\t<div class=\"elementor-container elementor-column-gap-default\">\n\t\t\t\t\t<div class=\"elementor-column elementor-col-100 elementor-top-column elementor-element elementor-element-27ab5806\" data-id=\"27ab5806\" data-element_type=\"column\" data-e-type=\"column\">\n\t\t\t<div class=\"elementor-widget-wrap\">\n\t\t\t\t\t\t\t<\/div>\n\t\t<\/div>\n\t\t\t\t\t<\/div>\n\t\t<\/section>\n\t\t\t\t<section class=\"elementor-section elementor-top-section elementor-element elementor-element-3fd6c196 elementor-section-full_width elementor-section-height-default elementor-section-height-default elementor-invisible\" data-id=\"3fd6c196\" data-element_type=\"section\" data-e-type=\"section\" data-settings=\"{&quot;animation&quot;:&quot;fadeIn&quot;}\">\n\t\t\t\t\t\t<div class=\"elementor-container elementor-column-gap-default\">\n\t\t\t\t\t<div class=\"elementor-column elementor-col-16 elementor-top-column elementor-element elementor-element-7f6abf25\" data-id=\"7f6abf25\" data-element_type=\"column\" data-e-type=\"column\">\n\t\t\t<div class=\"elementor-widget-wrap\">\n\t\t\t\t\t\t\t<\/div>\n\t\t<\/div>\n\t\t\t\t<div class=\"elementor-column elementor-col-66 elementor-top-column elementor-element elementor-element-71647a77\" data-id=\"71647a77\" data-element_type=\"column\" data-e-type=\"column\">\n\t\t\t<div class=\"elementor-widget-wrap elementor-element-populated\">\n\t\t\t\t\t\t<div class=\"elementor-element elementor-element-6f8ea134 elementor-widget elementor-widget-breadcrumbs\" data-id=\"6f8ea134\" data-element_type=\"widget\" data-e-type=\"widget\" data-widget_type=\"breadcrumbs.default\">\n\t\t\t\t<div class=\"elementor-widget-container\">\n\t\t\t\t\t<p id=\"breadcrumbs\"><\/p>\t\t\t\t<\/div>\n\t\t\t\t<\/div>\n\t\t\t\t<div class=\"elementor-element elementor-element-3b0b0a7d elementor-widget elementor-widget-heading\" data-id=\"3b0b0a7d\" data-element_type=\"widget\" data-e-type=\"widget\" data-widget_type=\"heading.default\">\n\t\t\t\t<div class=\"elementor-widget-container\">\n\t\t\t\t\t<h1 class=\"elementor-heading-title elementor-size-default\">P\u00e1gina legal <\/h1>\t\t\t\t<\/div>\n\t\t\t\t<\/div>\n\t\t\t\t<section class=\"elementor-section elementor-inner-section elementor-element elementor-element-50d24fc2 elementor-section-full_width elementor-section-height-default elementor-section-height-default\" data-id=\"50d24fc2\" data-element_type=\"section\" data-e-type=\"section\">\n\t\t\t\t\t\t<div class=\"elementor-container elementor-column-gap-default\">\n\t\t\t\t\t<div class=\"elementor-column elementor-col-66 elementor-inner-column elementor-element elementor-element-5fc7b5a5\" data-id=\"5fc7b5a5\" data-element_type=\"column\" data-e-type=\"column\">\n\t\t\t<div class=\"elementor-widget-wrap elementor-element-populated\">\n\t\t\t\t\t\t<div class=\"elementor-element elementor-element-1218ebb elementor-widget elementor-widget-text-editor\" data-id=\"1218ebb\" data-element_type=\"widget\" data-e-type=\"widget\" data-widget_type=\"text-editor.default\">\n\t\t\t\t<div class=\"elementor-widget-container\">\n\t\t\t\t\t\t\t\t\t<h2>Nota<\/h2>\n<p>Por favor tome en cuenta que para hacer m\u00e1s f\u00e1cil la lectura hemos dejado de lado una formulaci\u00f3n neutra en cuanto al g\u00e9nero. Pedimos su comprensi\u00f3n.<\/p>\n<h2>DISPOSICIONES SOBRE DERECHOS DE AUTOR<\/h2>\n<p>Todos los contenidos, incluyendo todas sus partes, est\u00e1n protegidos por los derechos de autor. Cualquier utilizaci\u00f3n fuera de los estrechos l\u00edmites de la Ley de Derechos de Autor sin autorizaci\u00f3n del editor est\u00e1 prohibida y est\u00e1 sujeta a sanci\u00f3n penal. Esto se aplica especialmente para reproducciones, traducciones, microfilmaciones y el almacenamiento y procesamiento en sistemas electr\u00f3nicos. A pesar de haber realizado una investigaci\u00f3n a fondo no asumimos responsabilidad alguna por la correcci\u00f3n de los contenidos. Las impresiones, tambi\u00e9n en forma parcial, solo se permiten con permiso expl\u00edcito del editor.<\/p>\n<p>El autor se ha esforzado por tomar en cuenta en todas las publicaciones los derechos de autor de las gr\u00e1ficas y textos utilizados, y por utilizar gr\u00e1ficas y textos elaborados por \u00e9l mismo, o bien por utilizar gr\u00e1ficas y textos que no requieran licencia. Todas las marcas y marcas registradas mencionadas dentro de la p\u00e1gina web y eventualmente protegidas por terceros se someten sin limitaciones a las normas y al derecho de marcas v\u00e1lido en cada caso y los derechos de posesi\u00f3n de los propietarios registrados correspondientes. De la simple menci\u00f3n no debe derivarse la conclusi\u00f3n de que las marcas comerciales no est\u00e1n protegidas por los derechos de terceros. El copyright de los objetos publicados y elaborados por el mismo autor es propiedad del autor de las p\u00e1ginas. No se permite la reproducci\u00f3n o utilizaci\u00f3n de tales gr\u00e1ficos, documentos de sonido, videosecuencias y textos en otras publicaciones electr\u00f3nicas o impresas sin el permiso expreso del autor.<\/p>\n<h2>ENLACES:<\/h2>\n<p>En referencias directas o indirectas a p\u00e1ginas de Internet externas (\u201cenlaces\u201d), que est\u00e1n fuera del \u00e1mbito de responsabilidad del autor, no se asume responsabilidad alguna. Por ello, el autor declara expl\u00edcitamente que en el momento de poner los enlaces las p\u00e1ginas enlazadas correspondientes estaban libres de contenidos ilegales. El autor no tiene ninguna influencia sobre el dise\u00f1o y contenidos actuales y futuros de las p\u00e1ginas enlazadas\/referidas. Por lo tanto, se distancia expl\u00edcitamente de todo el contenido en todos los sitios vinculados\/conectados que hayan sido alterado desde que se agreg\u00f3 el enlace. Esta afirmaci\u00f3n tambi\u00e9n aplica para todos los enlaces y referencias establecidos en el propio sitio web del autor. El proveedor del sitio al que se hace referencia es el \u00fanico responsable de cualquier contenido ilegal, defectuoso o incompleto y, en particular, de los da\u00f1os y perjuicios que puedan derivarse del uso o no uso de cualquier informaci\u00f3n ofrecida. La persona que publica una referencia a la publicaci\u00f3n en cuesti\u00f3n a trav\u00e9s de dicho enlace no asume responsabilidad alguna.<\/p>\n<h2>PROTECCI\u00d3N DE DATOS:<\/h2>\n<p>La introducci\u00f3n de datos personales (por ejemplo, en la secci\u00f3n de carreras) es voluntaria.<\/p>\n<p>Este sitio web utiliza Google Analytics, un servicio de an\u00e1lisis web proporcionado por Google, Inc. (\u201dGoogle\u201d). Google Analytics utiliza \u201ccookies, que son archivos de texto guardados en su computadora para ayudar al sitio web a analizar c\u00f3mo utilizan el sitio los usuarios. La informaci\u00f3n generada por los cookies sobre su uso del sitio web ser\u00e1 transmitida y almacenada por Google en servidores en los Estados Unidos.<\/p>\n<p>La direcci\u00f3n IP que env\u00eda su navegador como parte de Google Analytics no se asociar\u00e1 con ning\u00fan otro dato que tenga Google. Usted puede rechazar el uso de cookies seleccionando la configuraci\u00f3n apropiada en su navegador, sin embargo, tenga en cuenta que si lo hace, es posible que no pueda utilizar toda la funcionalidad de este sitio web. Tambi\u00e9n puede des habilitar el seguimiento de Google Analytics con efecto para el futuro mediante la descarga e instalaci\u00f3n del complemento de explorador Opt-out de Google Analytics para su navegador web actual: <a href=\"http:\/\/tools.google.com\/dlpage\/gaoptout?hl=de\">http:\/\/tools.google.com\/dlpage\/gaoptout?hl=de<\/a><\/p>\n\t\t\t\t\t\t\t\t<\/div>\n\t\t\t\t<\/div>\n\t\t\t\t\t<\/div>\n\t\t<\/div>\n\t\t\t\t<div class=\"elementor-column elementor-col-33 elementor-inner-column elementor-element elementor-element-1decd420\" data-id=\"1decd420\" data-element_type=\"column\" data-e-type=\"column\" data-settings=\"{&quot;background_background&quot;:&quot;classic&quot;}\">\n\t\t\t<div class=\"elementor-widget-wrap elementor-element-populated\">\n\t\t\t\t\t\t<div class=\"elementor-element elementor-element-449acac media-headline elementor-widget elementor-widget-heading\" data-id=\"449acac\" data-element_type=\"widget\" data-e-type=\"widget\" data-widget_type=\"heading.default\">\n\t\t\t\t<div class=\"elementor-widget-container\">\n\t\t\t\t\t<h4 class=\"elementor-heading-title elementor-size-default\">Editor y responsable del contenido<\/h4>\t\t\t\t<\/div>\n\t\t\t\t<\/div>\n\t\t\t\t<div class=\"elementor-element elementor-element-44f4fbe4 elementor-widget elementor-widget-text-editor\" data-id=\"44f4fbe4\" data-element_type=\"widget\" data-e-type=\"widget\" data-widget_type=\"text-editor.default\">\n\t\t\t\t<div class=\"elementor-widget-container\">\n\t\t\t\t\t\t\t\t\t<h3>ZKW Group GmbH<\/h3>\n\t\t\t\t\t\t\t\t<\/div>\n\t\t\t\t<\/div>\n\t\t\t\t<div class=\"elementor-element elementor-element-7fb54797 elementor-widget elementor-widget-shortcode\" data-id=\"7fb54797\" data-element_type=\"widget\" data-e-type=\"widget\" data-widget_type=\"shortcode.default\">\n\t\t\t\t<div class=\"elementor-widget-container\">\n\t\t\t\t\t\t\t<div class=\"elementor-shortcode\">\n\n\n\n\t\n\t\n\t\n\t\t<p>\nRottenhauser Stra\u00dfe 8<br\/>\nA-3250 Wieselburg<br\/>\nE-Mail: <a href=\"mailto:office@zkw-group.com\" title=\"office@zkw-group.com\">office@zkw-group.com<\/a><br\/>\nTelefonnummer: <a href=\"tel:+43 7416 505 0\">+43 7416 505 0<\/a>\n<\/p>\n\t\n\t\n\t\n\t\n<\/div>\n\t\t\t\t\t\t<\/div>\n\t\t\t\t<\/div>\n\t\t\t\t<div class=\"elementor-element elementor-element-1e69dd60 elementor-widget elementor-widget-text-editor\" data-id=\"1e69dd60\" data-element_type=\"widget\" data-e-type=\"widget\" data-widget_type=\"text-editor.default\">\n\t\t\t\t<div class=\"elementor-widget-container\">\n\t\t\t\t\t\t\t\t\t<h4>N\u00famero de Registro Comercial:<\/h4>\n<p>88672a<\/p>\n<h4>Jurisdicci\u00f3n del Registro Mercantil:<\/h4>\n<p>Landesgericht St. P\u00f6lten<\/p>\n<h4>Autoridad reguladora:<\/h4>\n<p>Bezirkshauptmannschaft Scheibbs<\/p>\n<h4>UID:<\/h4>\n<p>ATU 20103803<\/p>\n<h4>WKO:<\/h4>\n<p><a href=\"https:\/\/www.wko.at\/\">www.wko.at<\/a><\/p>\n\t\t\t\t\t\t\t\t<\/div>\n\t\t\t\t<\/div>\n\t\t\t\t<div class=\"elementor-element elementor-element-84dd848 elementor-widget elementor-widget-button\" data-id=\"84dd848\" data-element_type=\"widget\" data-e-type=\"widget\" data-widget_type=\"button.default\">\n\t\t\t\t<div class=\"elementor-widget-container\">\n\t\t\t\t\t\t\t\t\t<div class=\"elementor-button-wrapper\">\n\t\t\t\t\t<a class=\"elementor-button elementor-button-link elementor-size-sm\" href=\"https:\/\/mail.zkw.at\/owa\" target=\"_blank\">\n\t\t\t\t\t\t<span class=\"elementor-button-content-wrapper\">\n\t\t\t\t\t\t\t\t\t<span class=\"elementor-button-text\">Webmail ZKW<\/span>\n\t\t\t\t\t<\/span>\n\t\t\t\t\t<\/a>\n\t\t\t\t<\/div>\n\t\t\t\t\t\t\t\t<\/div>\n\t\t\t\t<\/div>\n\t\t\t\t\t<\/div>\n\t\t<\/div>\n\t\t\t\t\t<\/div>\n\t\t<\/section>\n\t\t\t\t\t<\/div>\n\t\t<\/div>\n\t\t\t\t<div class=\"elementor-column elementor-col-16 elementor-top-column elementor-element elementor-element-28d2ca54\" data-id=\"28d2ca54\" data-element_type=\"column\" data-e-type=\"column\">\n\t\t\t<div class=\"elementor-widget-wrap\">\n\t\t\t\t\t\t\t<\/div>\n\t\t<\/div>\n\t\t\t\t\t<\/div>\n\t\t<\/section>\n\t\t\t\t<\/div>\n\t\t","protected":false},"excerpt":{"rendered":"<p>Regulaciones de derechos de autor y protecci\u00f3n de datos para el Grupo ZKW<\/p>\n","protected":false},"author":3,"featured_media":26943,"parent":0,"menu_order":0,"comment_status":"closed","ping_status":"closed","template":"","meta":{"footnotes":""},"class_list":["post-28027","page","type-page","status-publish","has-post-thumbnail","hentry"],"yoast_head":"<!-- This site is optimized with the Yoast SEO plugin v27.3 - https:\/\/yoast.com\/product\/yoast-seo-wordpress\/ -->\n<title>P\u00e1gina legal - ZKW Group \u2013 BRIGHT MINDS, BRIGHT LIGHTS.<\/title>\n<meta name=\"description\" content=\"Regulaciones de derechos de autor y protecci\u00f3n de datos para el Grupo ZKW\" \/>\n<meta name=\"robots\" content=\"index, follow, max-snippet:-1, max-image-preview:large, max-video-preview:-1\" \/>\n<link rel=\"canonical\" href=\"https:\/\/zkw-group.com\/es\/pagina-legal\/\" \/>\n<meta property=\"og:locale\" content=\"es_ES\" \/>\n<meta property=\"og:type\" content=\"article\" \/>\n<meta property=\"og:title\" content=\"P\u00e1gina legal - ZKW Group \u2013 BRIGHT MINDS, BRIGHT LIGHTS.\" \/>\n<meta property=\"og:description\" content=\"Regulaciones de derechos de autor y protecci\u00f3n de datos para el Grupo ZKW\" \/>\n<meta property=\"og:url\" content=\"https:\/\/zkw-group.com\/es\/pagina-legal\/\" \/>\n<meta property=\"og:site_name\" content=\"ZKW Group \u2013 BRIGHT MINDS, BRIGHT LIGHTS.\" \/>\n<meta property=\"article:publisher\" content=\"https:\/\/www.facebook.com\/zkwgroup\/\" \/>\n<meta property=\"article:modified_time\" content=\"2019-10-03T11:28:56+00:00\" \/>\n<meta property=\"og:image\" content=\"https:\/\/zkw-group.com\/wp-content\/uploads\/2019\/08\/keyvisual.jpg\" \/>\n\t<meta property=\"og:image:width\" content=\"1600\" \/>\n\t<meta property=\"og:image:height\" content=\"949\" \/>\n\t<meta property=\"og:image:type\" content=\"image\/jpeg\" \/>\n<meta name=\"twitter:card\" content=\"summary_large_image\" \/>\n<meta name=\"twitter:site\" content=\"@zkw\" \/>\n<meta name=\"twitter:label1\" content=\"Tiempo de lectura\" \/>\n\t<meta name=\"twitter:data1\" content=\"4 minutos\" \/>\n<script type=\"application\/ld+json\" class=\"yoast-schema-graph\">{\"@context\":\"https:\\\/\\\/schema.org\",\"@graph\":[{\"@type\":\"WebPage\",\"@id\":\"https:\\\/\\\/zkw-group.com\\\/es\\\/pagina-legal\\\/\",\"url\":\"https:\\\/\\\/zkw-group.com\\\/es\\\/pagina-legal\\\/\",\"name\":\"P\u00e1gina legal - ZKW Group \u2013 BRIGHT MINDS, BRIGHT LIGHTS.\",\"isPartOf\":{\"@id\":\"https:\\\/\\\/zkw-group.com\\\/es\\\/#website\"},\"primaryImageOfPage\":{\"@id\":\"https:\\\/\\\/zkw-group.com\\\/es\\\/pagina-legal\\\/#primaryimage\"},\"image\":{\"@id\":\"https:\\\/\\\/zkw-group.com\\\/es\\\/pagina-legal\\\/#primaryimage\"},\"thumbnailUrl\":\"https:\\\/\\\/zkw-group.com\\\/wp-content\\\/uploads\\\/2019\\\/08\\\/keyvisual.jpg\",\"datePublished\":\"2019-08-12T12:41:03+00:00\",\"dateModified\":\"2019-10-03T11:28:56+00:00\",\"description\":\"Regulaciones de derechos de autor y protecci\u00f3n de datos para el Grupo ZKW\",\"inLanguage\":\"es\",\"potentialAction\":[{\"@type\":\"ReadAction\",\"target\":[\"https:\\\/\\\/zkw-group.com\\\/es\\\/pagina-legal\\\/\"]}]},{\"@type\":\"ImageObject\",\"inLanguage\":\"es\",\"@id\":\"https:\\\/\\\/zkw-group.com\\\/es\\\/pagina-legal\\\/#primaryimage\",\"url\":\"https:\\\/\\\/zkw-group.com\\\/wp-content\\\/uploads\\\/2019\\\/08\\\/keyvisual.jpg\",\"contentUrl\":\"https:\\\/\\\/zkw-group.com\\\/wp-content\\\/uploads\\\/2019\\\/08\\\/keyvisual.jpg\",\"width\":1600,\"height\":949},{\"@type\":\"WebSite\",\"@id\":\"https:\\\/\\\/zkw-group.com\\\/es\\\/#website\",\"url\":\"https:\\\/\\\/zkw-group.com\\\/es\\\/\",\"name\":\"ZKW Group \u2013 BRIGHT MINDS, BRIGHT LIGHTS.\",\"description\":\"\",\"publisher\":{\"@id\":\"https:\\\/\\\/zkw-group.com\\\/es\\\/#organization\"},\"potentialAction\":[{\"@type\":\"SearchAction\",\"target\":{\"@type\":\"EntryPoint\",\"urlTemplate\":\"https:\\\/\\\/zkw-group.com\\\/es\\\/?s={search_term_string}\"},\"query-input\":{\"@type\":\"PropertyValueSpecification\",\"valueRequired\":true,\"valueName\":\"search_term_string\"}}],\"inLanguage\":\"es\"},{\"@type\":\"Organization\",\"@id\":\"https:\\\/\\\/zkw-group.com\\\/es\\\/#organization\",\"name\":\"ZKW Group\",\"url\":\"https:\\\/\\\/zkw-group.com\\\/es\\\/\",\"logo\":{\"@type\":\"ImageObject\",\"inLanguage\":\"es\",\"@id\":\"https:\\\/\\\/zkw-group.com\\\/es\\\/#\\\/schema\\\/logo\\\/image\\\/\",\"url\":\"https:\\\/\\\/zkw-group.com\\\/wp-content\\\/uploads\\\/2019\\\/08\\\/logo.png\",\"contentUrl\":\"https:\\\/\\\/zkw-group.com\\\/wp-content\\\/uploads\\\/2019\\\/08\\\/logo.png\",\"width\":268,\"height\":130,\"caption\":\"ZKW Group\"},\"image\":{\"@id\":\"https:\\\/\\\/zkw-group.com\\\/es\\\/#\\\/schema\\\/logo\\\/image\\\/\"},\"sameAs\":[\"https:\\\/\\\/www.facebook.com\\\/zkwgroup\\\/\",\"https:\\\/\\\/x.com\\\/zkw\",\"https:\\\/\\\/www.instagram.com\\\/zkwgroup\\\/\",\"https:\\\/\\\/www.linkedin.com\\\/company\\\/zkw-group\\\/\",\"https:\\\/\\\/www.youtube.com\\\/channel\\\/UCZ7uTlJOUXyDmCKOVT3ERdQ\",\"https:\\\/\\\/de.wikipedia.org\\\/wiki\\\/ZKW\"]}]}<\/script>\n<!-- \/ Yoast SEO plugin. -->","yoast_head_json":{"title":"P\u00e1gina legal - ZKW Group \u2013 BRIGHT MINDS, BRIGHT LIGHTS.","description":"Regulaciones de derechos de autor y protecci\u00f3n de datos para el Grupo ZKW","robots":{"index":"index","follow":"follow","max-snippet":"max-snippet:-1","max-image-preview":"max-image-preview:large","max-video-preview":"max-video-preview:-1"},"canonical":"https:\/\/zkw-group.com\/es\/pagina-legal\/","og_locale":"es_ES","og_type":"article","og_title":"P\u00e1gina legal - ZKW Group \u2013 BRIGHT MINDS, BRIGHT LIGHTS.","og_description":"Regulaciones de derechos de autor y protecci\u00f3n de datos para el Grupo ZKW","og_url":"https:\/\/zkw-group.com\/es\/pagina-legal\/","og_site_name":"ZKW Group \u2013 BRIGHT MINDS, BRIGHT LIGHTS.","article_publisher":"https:\/\/www.facebook.com\/zkwgroup\/","article_modified_time":"2019-10-03T11:28:56+00:00","og_image":[{"width":1600,"height":949,"url":"https:\/\/zkw-group.com\/wp-content\/uploads\/2019\/08\/keyvisual.jpg","type":"image\/jpeg"}],"twitter_card":"summary_large_image","twitter_site":"@zkw","twitter_misc":{"Tiempo de lectura":"4 minutos"},"schema":{"@context":"https:\/\/schema.org","@graph":[{"@type":"WebPage","@id":"https:\/\/zkw-group.com\/es\/pagina-legal\/","url":"https:\/\/zkw-group.com\/es\/pagina-legal\/","name":"P\u00e1gina legal - ZKW Group \u2013 BRIGHT MINDS, BRIGHT LIGHTS.","isPartOf":{"@id":"https:\/\/zkw-group.com\/es\/#website"},"primaryImageOfPage":{"@id":"https:\/\/zkw-group.com\/es\/pagina-legal\/#primaryimage"},"image":{"@id":"https:\/\/zkw-group.com\/es\/pagina-legal\/#primaryimage"},"thumbnailUrl":"https:\/\/zkw-group.com\/wp-content\/uploads\/2019\/08\/keyvisual.jpg","datePublished":"2019-08-12T12:41:03+00:00","dateModified":"2019-10-03T11:28:56+00:00","description":"Regulaciones de derechos de autor y protecci\u00f3n de datos para el Grupo ZKW","inLanguage":"es","potentialAction":[{"@type":"ReadAction","target":["https:\/\/zkw-group.com\/es\/pagina-legal\/"]}]},{"@type":"ImageObject","inLanguage":"es","@id":"https:\/\/zkw-group.com\/es\/pagina-legal\/#primaryimage","url":"https:\/\/zkw-group.com\/wp-content\/uploads\/2019\/08\/keyvisual.jpg","contentUrl":"https:\/\/zkw-group.com\/wp-content\/uploads\/2019\/08\/keyvisual.jpg","width":1600,"height":949},{"@type":"WebSite","@id":"https:\/\/zkw-group.com\/es\/#website","url":"https:\/\/zkw-group.com\/es\/","name":"ZKW Group \u2013 BRIGHT MINDS, BRIGHT LIGHTS.","description":"","publisher":{"@id":"https:\/\/zkw-group.com\/es\/#organization"},"potentialAction":[{"@type":"SearchAction","target":{"@type":"EntryPoint","urlTemplate":"https:\/\/zkw-group.com\/es\/?s={search_term_string}"},"query-input":{"@type":"PropertyValueSpecification","valueRequired":true,"valueName":"search_term_string"}}],"inLanguage":"es"},{"@type":"Organization","@id":"https:\/\/zkw-group.com\/es\/#organization","name":"ZKW Group","url":"https:\/\/zkw-group.com\/es\/","logo":{"@type":"ImageObject","inLanguage":"es","@id":"https:\/\/zkw-group.com\/es\/#\/schema\/logo\/image\/","url":"https:\/\/zkw-group.com\/wp-content\/uploads\/2019\/08\/logo.png","contentUrl":"https:\/\/zkw-group.com\/wp-content\/uploads\/2019\/08\/logo.png","width":268,"height":130,"caption":"ZKW Group"},"image":{"@id":"https:\/\/zkw-group.com\/es\/#\/schema\/logo\/image\/"},"sameAs":["https:\/\/www.facebook.com\/zkwgroup\/","https:\/\/x.com\/zkw","https:\/\/www.instagram.com\/zkwgroup\/","https:\/\/www.linkedin.com\/company\/zkw-group\/","https:\/\/www.youtube.com\/channel\/UCZ7uTlJOUXyDmCKOVT3ERdQ","https:\/\/de.wikipedia.org\/wiki\/ZKW"]}]}},"_links":{"self":[{"href":"https:\/\/zkw-group.com\/es\/wp-json\/wp\/v2\/pages\/28027","targetHints":{"allow":["GET"]}}],"collection":[{"href":"https:\/\/zkw-group.com\/es\/wp-json\/wp\/v2\/pages"}],"about":[{"href":"https:\/\/zkw-group.com\/es\/wp-json\/wp\/v2\/types\/page"}],"author":[{"embeddable":true,"href":"https:\/\/zkw-group.com\/es\/wp-json\/wp\/v2\/users\/3"}],"replies":[{"embeddable":true,"href":"https:\/\/zkw-group.com\/es\/wp-json\/wp\/v2\/comments?post=28027"}],"version-history":[{"count":0,"href":"https:\/\/zkw-group.com\/es\/wp-json\/wp\/v2\/pages\/28027\/revisions"}],"wp:featuredmedia":[{"embeddable":true,"href":"https:\/\/zkw-group.com\/es\/wp-json\/wp\/v2\/media\/26943"}],"wp:attachment":[{"href":"https:\/\/zkw-group.com\/es\/wp-json\/wp\/v2\/media?parent=28027"}],"curies":[{"name":"wp","href":"https:\/\/api.w.org\/{rel}","templated":true}]}}