{"id":29194,"date":"2019-08-21T14:46:34","date_gmt":"2019-08-21T12:46:34","guid":{"rendered":"https:\/\/zkw-group.com\/?page_id=29194"},"modified":"2019-08-21T14:47:55","modified_gmt":"2019-08-21T12:47:55","slug":"suhlas-so-spracovanim-osobnych-udajov","status":"publish","type":"page","link":"https:\/\/zkw-group.com\/sk\/domov\/kariera\/suhlas-so-spracovanim-osobnych-udajov\/","title":{"rendered":"S\u00fahlas so spracovan\u00edm osobn\u00fdch \u00fadajov"},"content":{"rendered":"\t\t<div data-elementor-type=\"wp-post\" data-elementor-id=\"29194\" class=\"elementor elementor-29194\" data-elementor-post-type=\"page\">\n\t\t\t\t\t\t<section class=\"elementor-section elementor-top-section elementor-element elementor-element-1f0276e elementor-section-full_width elementor-section-height-min-height elementor-section-height-default elementor-section-items-middle\" data-id=\"1f0276e\" data-element_type=\"section\" data-e-type=\"section\" data-settings=\"{&quot;background_background&quot;:&quot;classic&quot;}\">\n\t\t\t\t\t\t<div class=\"elementor-container elementor-column-gap-default\">\n\t\t\t\t\t<div class=\"elementor-column elementor-col-100 elementor-top-column elementor-element elementor-element-93bef15\" data-id=\"93bef15\" data-element_type=\"column\" data-e-type=\"column\">\n\t\t\t<div class=\"elementor-widget-wrap\">\n\t\t\t\t\t\t\t<\/div>\n\t\t<\/div>\n\t\t\t\t\t<\/div>\n\t\t<\/section>\n\t\t\t\t<section class=\"elementor-section elementor-top-section elementor-element elementor-element-b31de55 elementor-section-boxed elementor-section-height-default elementor-section-height-default\" data-id=\"b31de55\" data-element_type=\"section\" data-e-type=\"section\">\n\t\t\t\t\t\t<div class=\"elementor-container elementor-column-gap-default\">\n\t\t\t\t\t<div class=\"elementor-column elementor-col-100 elementor-top-column elementor-element elementor-element-e5ef0ea\" data-id=\"e5ef0ea\" data-element_type=\"column\" data-e-type=\"column\">\n\t\t\t<div class=\"elementor-widget-wrap elementor-element-populated\">\n\t\t\t\t\t\t<div class=\"elementor-element elementor-element-fd5eb62 elementor-widget elementor-widget-text-editor\" data-id=\"fd5eb62\" data-element_type=\"widget\" data-e-type=\"widget\" data-widget_type=\"text-editor.default\">\n\t\t\t\t<div class=\"elementor-widget-container\">\n\t\t\t\t\t\t\t\t\t<p>Zaslan\u00edm (emailovou spr\u00e1vou alebo listovou z\u00e1sielkou) alebo osobn\u00fdm doru\u010den\u00edm \u017eivotopisu, motiva\u010dn\u00e9ho listu a\u00a0\u010fal\u0161\u00edch dokumentov vyjadrujete svoj slobodn\u00fd s\u00fahlas s\u00a0t\u00fdm, aby prev\u00e1dzkovate\u013e <strong>ZKW Slovakia s.r.o., Bedzianska cesta 679\/375, Kru\u0161ovce 956 31, I\u010cO: 36 657<\/strong> <strong>913<\/strong> v svojich informa\u010dn\u00fdch syst\u00e9moch sprac\u00faval osobn\u00e9 \u00fadaje obsiahnut\u00e9 v\u00a0t\u00fdchto dokumentoch na \u00fa\u010del evidencie uch\u00e1dza\u010dov o\u00a0zamestnanie.\n  \n  Poskytnut\u00edm osobn\u00fdch \u00fadajov na\u0161ej spolo\u010dnosti nadob\u00fadate postavenie dotknutej osoby, ktor\u00e1 m\u00e1 najm\u00e4 pr\u00e1vo na pr\u00edstup k osobn\u00fdm \u00fadajom, pr\u00e1vo na opravu osobn\u00fdch \u00fadajov, pr\u00e1vo na vymazanie osobn\u00fdch \u00fadajov, pr\u00e1vo na obmedzenie sprac\u00favania osobn\u00fdch \u00fadajov, pr\u00e1vo na prenosnos\u0165 \u00fadajov, pr\u00e1vo namieta\u0165 proti sprac\u00favaniu osobn\u00fdch \u00fadajov (vr\u00e1tane profilovania) a pr\u00e1vo na to, aby sa na \u0148u nevz\u0165ahovalo rozhodnutie zalo\u017een\u00e9 v\u00fdlu\u010dne na automatizovanom sprac\u00favan\u00ed (vr\u00e1tane profilovania). Dotknut\u00e1 osoba m\u00e1 s\u00fa\u010dasne pr\u00e1vo poda\u0165 s\u0165a\u017enos\u0165 org\u00e1nu dozoru, ktor\u00fdm je \u00darad na ochranu osobn\u00fdch \u00fadajov Slovenskej republiky.\n  \n  Osobn\u00e9 \u00fadaje nebud\u00fa zverej\u0148ovan\u00e9, ani poskytovan\u00e9 pr\u00edjemcom v tret\u00edch krajin\u00e1ch. K profilovaniu dotknut\u00fdch os\u00f4b m\u00f4\u017ee doch\u00e1dza\u0165 v\u00fdlu\u010dne v s\u00favislosti s v\u00fdberom vhodn\u00e9ho uch\u00e1dza\u010da na konkr\u00e9tnu pracovn\u00fa poz\u00edciu. V od\u00f4vodnen\u00fdch pr\u00edpadoch m\u00f4\u017eu by\u0165 osobn\u00e9 \u00fadaje poskytnut\u00e9 pr\u00edjemcom ako s\u00fa napr\u00edklad In\u0161pektor\u00e1t pr\u00e1ce, org\u00e1ny \u010dinn\u00e9 v trestnom konan\u00ed.\n  \n  \u010cas platnosti s\u00fahlasu so sprac\u00favan\u00edm osobn\u00fdch \u00fadajov, ktor\u00fd je v zmysle \u010dl. 6 ods. 1 p\u00edsm. a) v\u0161eobecn\u00e9ho nariadenia o ochrane \u00fadajov pr\u00e1vnym z\u00e1kladom sprac\u00favania, s\u00fa <strong>3 roky odo d\u0148a poskytnutia s\u00fahlasu<\/strong>. Dotknut\u00e1 osoba m\u00e1 pr\u00e1vo svoj s\u00fahlas kedyko\u013evek odvola\u0165 bez toho, aby to malo vplyv na z\u00e1konnos\u0165 sprac\u00favania pred odvolan\u00edm s\u00fahlasu. Pr\u00e1vo dotknutej osoby odvola\u0165 svoj s\u00fahlas so sprac\u00favan\u00edm osobn\u00fdch \u00fadajov mo\u017eno uplatni\u0165 aj pred uplynut\u00edm \u010dasu, na ktor\u00fd bol tento s\u00fahlas udelen\u00fd, a to nasleduj\u00facimi sp\u00f4sobmi: a) emailovou spr\u00e1vou zaslanou na adresu <a href=\"mailto:zodpovednaosoba@zkw.sk\">zodpovednaosoba@zkw.sk<\/a> alebo <a href=\"mailto:pravne@osobnyudaj.sk\">pravne@osobnyudaj.sk<\/a>, b) telefonicky +421 917 099 001 alebo c) listovou z\u00e1sielkou zaslanou na adresu s\u00eddla prev\u00e1dzkovate\u013ea s uveden\u00edm textu \u201eGDPR \u2013 odvolanie s\u00fahlasu\u201c na ob\u00e1lke.\n  \n  Pr\u00edpadn\u00e9 ot\u00e1zky t\u00fdkaj\u00face sa sprac\u00favania a ochrany osobn\u00fdch \u00fadajov adresujte zodpovednej osobe prostredn\u00edctvom e-mailovej adresy <a href=\"mailto:zodpovednaosoba@zkw.sk\">zodpovednaosoba@zkw.sk<\/a> alebo <a href=\"mailto:pravne@osobnyudaj.sk\">pravne@osobnyudaj.sk<\/a>.<\/p>\n\t\t\t\t\t\t\t\t<\/div>\n\t\t\t\t<\/div>\n\t\t\t\t\t<\/div>\n\t\t<\/div>\n\t\t\t\t\t<\/div>\n\t\t<\/section>\n\t\t\t\t<\/div>\n\t\t","protected":false},"excerpt":{"rendered":"<p>Zaslan\u00edm (emailovou spr\u00e1vou alebo listovou z\u00e1sielkou) alebo osobn\u00fdm doru\u010den\u00edm \u017eivotopisu, motiva\u010dn\u00e9ho listu a\u00a0\u010fal\u0161\u00edch dokumentov vyjadrujete svoj slobodn\u00fd s\u00fahlas s\u00a0t\u00fdm, aby prev\u00e1dzkovate\u013e ZKW Slovakia s.r.o., Bedzianska cesta 679\/375, Kru\u0161ovce 956 31, I\u010cO: 36 657 913 v svojich informa\u010dn\u00fdch syst\u00e9moch sprac\u00faval osobn\u00e9 \u00fadaje obsiahnut\u00e9 v\u00a0t\u00fdchto dokumentoch na \u00fa\u010del evidencie uch\u00e1dza\u010dov o\u00a0zamestnanie. Poskytnut\u00edm osobn\u00fdch \u00fadajov na\u0161ej spolo\u010dnosti nadob\u00fadate [&hellip;]<\/p>\n","protected":false},"author":3,"featured_media":26943,"parent":29094,"menu_order":0,"comment_status":"closed","ping_status":"closed","template":"","meta":{"footnotes":""},"class_list":["post-29194","page","type-page","status-publish","has-post-thumbnail","hentry"],"yoast_head":"<!-- This site is optimized with the Yoast SEO plugin v27.5 - https:\/\/yoast.com\/product\/yoast-seo-wordpress\/ -->\n<title>S\u00fahlas so spracovan\u00edm osobn\u00fdch \u00fadajov - ZKW Group \u2013 BRIGHT MINDS, BRIGHT LIGHTS.<\/title>\n<meta name=\"robots\" content=\"index, follow, max-snippet:-1, max-image-preview:large, max-video-preview:-1\" \/>\n<link rel=\"canonical\" href=\"https:\/\/zkw-group.com\/sk\/domov\/kariera\/suhlas-so-spracovanim-osobnych-udajov\/\" \/>\n<meta property=\"og:locale\" content=\"sk_SK\" \/>\n<meta property=\"og:type\" content=\"article\" \/>\n<meta property=\"og:title\" content=\"S\u00fahlas so spracovan\u00edm osobn\u00fdch \u00fadajov - ZKW Group \u2013 BRIGHT MINDS, BRIGHT LIGHTS.\" \/>\n<meta property=\"og:url\" content=\"https:\/\/zkw-group.com\/sk\/domov\/kariera\/suhlas-so-spracovanim-osobnych-udajov\/\" \/>\n<meta property=\"og:site_name\" content=\"ZKW Group \u2013 BRIGHT MINDS, BRIGHT LIGHTS.\" \/>\n<meta property=\"article:publisher\" content=\"https:\/\/www.facebook.com\/zkwgroup\/\" \/>\n<meta property=\"article:modified_time\" content=\"2019-08-21T12:47:55+00:00\" \/>\n<meta property=\"og:image\" content=\"https:\/\/zkw-group.com\/wp-content\/uploads\/2019\/08\/keyvisual.jpg\" \/>\n\t<meta property=\"og:image:width\" content=\"1600\" \/>\n\t<meta property=\"og:image:height\" content=\"949\" \/>\n\t<meta property=\"og:image:type\" content=\"image\/jpeg\" \/>\n<meta name=\"twitter:card\" content=\"summary_large_image\" \/>\n<meta name=\"twitter:site\" content=\"@zkw\" \/>\n<meta name=\"twitter:label1\" content=\"Predpokladan\u00fd \u010das \u010d\u00edtania\" \/>\n\t<meta name=\"twitter:data1\" content=\"2 min\u00faty\" \/>\n<script type=\"application\/ld+json\" class=\"yoast-schema-graph\">{\"@context\":\"https:\\\/\\\/schema.org\",\"@graph\":[{\"@type\":\"WebPage\",\"@id\":\"https:\\\/\\\/zkw-group.com\\\/sk\\\/domov\\\/kariera\\\/suhlas-so-spracovanim-osobnych-udajov\\\/\",\"url\":\"https:\\\/\\\/zkw-group.com\\\/sk\\\/domov\\\/kariera\\\/suhlas-so-spracovanim-osobnych-udajov\\\/\",\"name\":\"S\u00fahlas so spracovan\u00edm osobn\u00fdch \u00fadajov - ZKW Group \u2013 BRIGHT MINDS, BRIGHT LIGHTS.\",\"isPartOf\":{\"@id\":\"https:\\\/\\\/zkw-group.com\\\/sk\\\/#website\"},\"primaryImageOfPage\":{\"@id\":\"https:\\\/\\\/zkw-group.com\\\/sk\\\/domov\\\/kariera\\\/suhlas-so-spracovanim-osobnych-udajov\\\/#primaryimage\"},\"image\":{\"@id\":\"https:\\\/\\\/zkw-group.com\\\/sk\\\/domov\\\/kariera\\\/suhlas-so-spracovanim-osobnych-udajov\\\/#primaryimage\"},\"thumbnailUrl\":\"https:\\\/\\\/zkw-group.com\\\/wp-content\\\/uploads\\\/2019\\\/08\\\/keyvisual.jpg\",\"datePublished\":\"2019-08-21T12:46:34+00:00\",\"dateModified\":\"2019-08-21T12:47:55+00:00\",\"breadcrumb\":{\"@id\":\"https:\\\/\\\/zkw-group.com\\\/sk\\\/domov\\\/kariera\\\/suhlas-so-spracovanim-osobnych-udajov\\\/#breadcrumb\"},\"inLanguage\":\"sk-SK\",\"potentialAction\":[{\"@type\":\"ReadAction\",\"target\":[\"https:\\\/\\\/zkw-group.com\\\/sk\\\/domov\\\/kariera\\\/suhlas-so-spracovanim-osobnych-udajov\\\/\"]}]},{\"@type\":\"ImageObject\",\"inLanguage\":\"sk-SK\",\"@id\":\"https:\\\/\\\/zkw-group.com\\\/sk\\\/domov\\\/kariera\\\/suhlas-so-spracovanim-osobnych-udajov\\\/#primaryimage\",\"url\":\"https:\\\/\\\/zkw-group.com\\\/wp-content\\\/uploads\\\/2019\\\/08\\\/keyvisual.jpg\",\"contentUrl\":\"https:\\\/\\\/zkw-group.com\\\/wp-content\\\/uploads\\\/2019\\\/08\\\/keyvisual.jpg\",\"width\":1600,\"height\":949},{\"@type\":\"BreadcrumbList\",\"@id\":\"https:\\\/\\\/zkw-group.com\\\/sk\\\/domov\\\/kariera\\\/suhlas-so-spracovanim-osobnych-udajov\\\/#breadcrumb\",\"itemListElement\":[{\"@type\":\"ListItem\",\"position\":1,\"name\":\"Domov\",\"item\":\"https:\\\/\\\/zkw-group.com\\\/sk\\\/\"},{\"@type\":\"ListItem\",\"position\":2,\"name\":\"Kari\u00e9ra\",\"item\":\"https:\\\/\\\/zkw-group.com\\\/sk\\\/domu\\\/kariera-a-zamestnani\\\/\"},{\"@type\":\"ListItem\",\"position\":3,\"name\":\"S\u00fahlas so spracovan\u00edm osobn\u00fdch \u00fadajov\"}]},{\"@type\":\"WebSite\",\"@id\":\"https:\\\/\\\/zkw-group.com\\\/sk\\\/#website\",\"url\":\"https:\\\/\\\/zkw-group.com\\\/sk\\\/\",\"name\":\"ZKW Group \u2013 BRIGHT MINDS, BRIGHT LIGHTS.\",\"description\":\"\",\"publisher\":{\"@id\":\"https:\\\/\\\/zkw-group.com\\\/sk\\\/#organization\"},\"potentialAction\":[{\"@type\":\"SearchAction\",\"target\":{\"@type\":\"EntryPoint\",\"urlTemplate\":\"https:\\\/\\\/zkw-group.com\\\/sk\\\/?s={search_term_string}\"},\"query-input\":{\"@type\":\"PropertyValueSpecification\",\"valueRequired\":true,\"valueName\":\"search_term_string\"}}],\"inLanguage\":\"sk-SK\"},{\"@type\":\"Organization\",\"@id\":\"https:\\\/\\\/zkw-group.com\\\/sk\\\/#organization\",\"name\":\"ZKW Group\",\"url\":\"https:\\\/\\\/zkw-group.com\\\/sk\\\/\",\"logo\":{\"@type\":\"ImageObject\",\"inLanguage\":\"sk-SK\",\"@id\":\"https:\\\/\\\/zkw-group.com\\\/sk\\\/#\\\/schema\\\/logo\\\/image\\\/\",\"url\":\"https:\\\/\\\/zkw-group.com\\\/wp-content\\\/uploads\\\/2019\\\/08\\\/logo.png\",\"contentUrl\":\"https:\\\/\\\/zkw-group.com\\\/wp-content\\\/uploads\\\/2019\\\/08\\\/logo.png\",\"width\":268,\"height\":130,\"caption\":\"ZKW Group\"},\"image\":{\"@id\":\"https:\\\/\\\/zkw-group.com\\\/sk\\\/#\\\/schema\\\/logo\\\/image\\\/\"},\"sameAs\":[\"https:\\\/\\\/www.facebook.com\\\/zkwgroup\\\/\",\"https:\\\/\\\/x.com\\\/zkw\",\"https:\\\/\\\/www.instagram.com\\\/zkwgroup\\\/\",\"https:\\\/\\\/www.linkedin.com\\\/company\\\/zkw-group\\\/\",\"https:\\\/\\\/www.youtube.com\\\/channel\\\/UCZ7uTlJOUXyDmCKOVT3ERdQ\",\"https:\\\/\\\/de.wikipedia.org\\\/wiki\\\/ZKW\"]}]}<\/script>\n<!-- \/ Yoast SEO plugin. -->","yoast_head_json":{"title":"S\u00fahlas so spracovan\u00edm osobn\u00fdch \u00fadajov - ZKW Group \u2013 BRIGHT MINDS, BRIGHT LIGHTS.","robots":{"index":"index","follow":"follow","max-snippet":"max-snippet:-1","max-image-preview":"max-image-preview:large","max-video-preview":"max-video-preview:-1"},"canonical":"https:\/\/zkw-group.com\/sk\/domov\/kariera\/suhlas-so-spracovanim-osobnych-udajov\/","og_locale":"sk_SK","og_type":"article","og_title":"S\u00fahlas so spracovan\u00edm osobn\u00fdch \u00fadajov - ZKW Group \u2013 BRIGHT MINDS, BRIGHT LIGHTS.","og_url":"https:\/\/zkw-group.com\/sk\/domov\/kariera\/suhlas-so-spracovanim-osobnych-udajov\/","og_site_name":"ZKW Group \u2013 BRIGHT MINDS, BRIGHT LIGHTS.","article_publisher":"https:\/\/www.facebook.com\/zkwgroup\/","article_modified_time":"2019-08-21T12:47:55+00:00","og_image":[{"width":1600,"height":949,"url":"https:\/\/zkw-group.com\/wp-content\/uploads\/2019\/08\/keyvisual.jpg","type":"image\/jpeg"}],"twitter_card":"summary_large_image","twitter_site":"@zkw","twitter_misc":{"Predpokladan\u00fd \u010das \u010d\u00edtania":"2 min\u00faty"},"schema":{"@context":"https:\/\/schema.org","@graph":[{"@type":"WebPage","@id":"https:\/\/zkw-group.com\/sk\/domov\/kariera\/suhlas-so-spracovanim-osobnych-udajov\/","url":"https:\/\/zkw-group.com\/sk\/domov\/kariera\/suhlas-so-spracovanim-osobnych-udajov\/","name":"S\u00fahlas so spracovan\u00edm osobn\u00fdch \u00fadajov - ZKW Group \u2013 BRIGHT MINDS, BRIGHT LIGHTS.","isPartOf":{"@id":"https:\/\/zkw-group.com\/sk\/#website"},"primaryImageOfPage":{"@id":"https:\/\/zkw-group.com\/sk\/domov\/kariera\/suhlas-so-spracovanim-osobnych-udajov\/#primaryimage"},"image":{"@id":"https:\/\/zkw-group.com\/sk\/domov\/kariera\/suhlas-so-spracovanim-osobnych-udajov\/#primaryimage"},"thumbnailUrl":"https:\/\/zkw-group.com\/wp-content\/uploads\/2019\/08\/keyvisual.jpg","datePublished":"2019-08-21T12:46:34+00:00","dateModified":"2019-08-21T12:47:55+00:00","breadcrumb":{"@id":"https:\/\/zkw-group.com\/sk\/domov\/kariera\/suhlas-so-spracovanim-osobnych-udajov\/#breadcrumb"},"inLanguage":"sk-SK","potentialAction":[{"@type":"ReadAction","target":["https:\/\/zkw-group.com\/sk\/domov\/kariera\/suhlas-so-spracovanim-osobnych-udajov\/"]}]},{"@type":"ImageObject","inLanguage":"sk-SK","@id":"https:\/\/zkw-group.com\/sk\/domov\/kariera\/suhlas-so-spracovanim-osobnych-udajov\/#primaryimage","url":"https:\/\/zkw-group.com\/wp-content\/uploads\/2019\/08\/keyvisual.jpg","contentUrl":"https:\/\/zkw-group.com\/wp-content\/uploads\/2019\/08\/keyvisual.jpg","width":1600,"height":949},{"@type":"BreadcrumbList","@id":"https:\/\/zkw-group.com\/sk\/domov\/kariera\/suhlas-so-spracovanim-osobnych-udajov\/#breadcrumb","itemListElement":[{"@type":"ListItem","position":1,"name":"Domov","item":"https:\/\/zkw-group.com\/sk\/"},{"@type":"ListItem","position":2,"name":"Kari\u00e9ra","item":"https:\/\/zkw-group.com\/sk\/domu\/kariera-a-zamestnani\/"},{"@type":"ListItem","position":3,"name":"S\u00fahlas so spracovan\u00edm osobn\u00fdch \u00fadajov"}]},{"@type":"WebSite","@id":"https:\/\/zkw-group.com\/sk\/#website","url":"https:\/\/zkw-group.com\/sk\/","name":"ZKW Group \u2013 BRIGHT MINDS, BRIGHT LIGHTS.","description":"","publisher":{"@id":"https:\/\/zkw-group.com\/sk\/#organization"},"potentialAction":[{"@type":"SearchAction","target":{"@type":"EntryPoint","urlTemplate":"https:\/\/zkw-group.com\/sk\/?s={search_term_string}"},"query-input":{"@type":"PropertyValueSpecification","valueRequired":true,"valueName":"search_term_string"}}],"inLanguage":"sk-SK"},{"@type":"Organization","@id":"https:\/\/zkw-group.com\/sk\/#organization","name":"ZKW Group","url":"https:\/\/zkw-group.com\/sk\/","logo":{"@type":"ImageObject","inLanguage":"sk-SK","@id":"https:\/\/zkw-group.com\/sk\/#\/schema\/logo\/image\/","url":"https:\/\/zkw-group.com\/wp-content\/uploads\/2019\/08\/logo.png","contentUrl":"https:\/\/zkw-group.com\/wp-content\/uploads\/2019\/08\/logo.png","width":268,"height":130,"caption":"ZKW Group"},"image":{"@id":"https:\/\/zkw-group.com\/sk\/#\/schema\/logo\/image\/"},"sameAs":["https:\/\/www.facebook.com\/zkwgroup\/","https:\/\/x.com\/zkw","https:\/\/www.instagram.com\/zkwgroup\/","https:\/\/www.linkedin.com\/company\/zkw-group\/","https:\/\/www.youtube.com\/channel\/UCZ7uTlJOUXyDmCKOVT3ERdQ","https:\/\/de.wikipedia.org\/wiki\/ZKW"]}]}},"_links":{"self":[{"href":"https:\/\/zkw-group.com\/sk\/wp-json\/wp\/v2\/pages\/29194","targetHints":{"allow":["GET"]}}],"collection":[{"href":"https:\/\/zkw-group.com\/sk\/wp-json\/wp\/v2\/pages"}],"about":[{"href":"https:\/\/zkw-group.com\/sk\/wp-json\/wp\/v2\/types\/page"}],"author":[{"embeddable":true,"href":"https:\/\/zkw-group.com\/sk\/wp-json\/wp\/v2\/users\/3"}],"replies":[{"embeddable":true,"href":"https:\/\/zkw-group.com\/sk\/wp-json\/wp\/v2\/comments?post=29194"}],"version-history":[{"count":0,"href":"https:\/\/zkw-group.com\/sk\/wp-json\/wp\/v2\/pages\/29194\/revisions"}],"up":[{"embeddable":true,"href":"https:\/\/zkw-group.com\/sk\/wp-json\/wp\/v2\/pages\/29094"}],"wp:featuredmedia":[{"embeddable":true,"href":"https:\/\/zkw-group.com\/sk\/wp-json\/wp\/v2\/media\/26943"}],"wp:attachment":[{"href":"https:\/\/zkw-group.com\/sk\/wp-json\/wp\/v2\/media?parent=29194"}],"curies":[{"name":"wp","href":"https:\/\/api.w.org\/{rel}","templated":true}]}}