{"id":29195,"date":"2019-08-21T14:51:18","date_gmt":"2019-08-21T12:51:18","guid":{"rendered":"https:\/\/zkw-group.com\/?page_id=29195"},"modified":"2019-08-21T14:51:42","modified_gmt":"2019-08-21T12:51:42","slug":"ziadost-o-zaradenie-do-vyberoveho-konania","status":"publish","type":"page","link":"https:\/\/zkw-group.com\/sk\/domov\/kariera\/ziadost-o-zaradenie-do-vyberoveho-konania\/","title":{"rendered":"\u017diados\u0165 o zaradenie do v\u00fdberov\u00e9ho konania"},"content":{"rendered":"\t\t<div data-elementor-type=\"wp-post\" data-elementor-id=\"29195\" class=\"elementor elementor-29195\" data-elementor-post-type=\"page\">\n\t\t\t\t\t\t<section class=\"elementor-section elementor-top-section elementor-element elementor-element-1f0276e elementor-section-full_width elementor-section-height-min-height elementor-section-height-default elementor-section-items-middle\" data-id=\"1f0276e\" data-element_type=\"section\" data-e-type=\"section\" data-settings=\"{&quot;background_background&quot;:&quot;classic&quot;}\">\n\t\t\t\t\t\t<div class=\"elementor-container elementor-column-gap-default\">\n\t\t\t\t\t<div class=\"elementor-column elementor-col-100 elementor-top-column elementor-element elementor-element-93bef15\" data-id=\"93bef15\" data-element_type=\"column\" data-e-type=\"column\">\n\t\t\t<div class=\"elementor-widget-wrap\">\n\t\t\t\t\t\t\t<\/div>\n\t\t<\/div>\n\t\t\t\t\t<\/div>\n\t\t<\/section>\n\t\t\t\t<section class=\"elementor-section elementor-top-section elementor-element elementor-element-b31de55 elementor-section-boxed elementor-section-height-default elementor-section-height-default\" data-id=\"b31de55\" data-element_type=\"section\" data-e-type=\"section\">\n\t\t\t\t\t\t<div class=\"elementor-container elementor-column-gap-default\">\n\t\t\t\t\t<div class=\"elementor-column elementor-col-100 elementor-top-column elementor-element elementor-element-e5ef0ea\" data-id=\"e5ef0ea\" data-element_type=\"column\" data-e-type=\"column\">\n\t\t\t<div class=\"elementor-widget-wrap elementor-element-populated\">\n\t\t\t\t\t\t<div class=\"elementor-element elementor-element-fd5eb62 elementor-widget elementor-widget-text-editor\" data-id=\"fd5eb62\" data-element_type=\"widget\" data-e-type=\"widget\" data-widget_type=\"text-editor.default\">\n\t\t\t\t<div class=\"elementor-widget-container\">\n\t\t\t\t\t\t\t\t\t<p>Zaslan\u00edm (emailovou spr\u00e1vou alebo listovou z\u00e1sielkou) alebo osobn\u00fdm doru\u010den\u00edm \u017eivotopisu, motiva\u010dn\u00e9ho listu a\u00a0\u010fal\u0161\u00edch dokumentov vyjadrujete svoj slobodn\u00fd s\u00fahlas s\u00a0t\u00fdm, aby prev\u00e1dzkovate\u013e <strong>ZKW Slovakia s.r.o., Bedzianska cesta 679\/375, Kru\u0161ovce 956 31, I\u010cO: 36 657<\/strong> <strong>913<\/strong> v svojich informa\u010dn\u00fdch syst\u00e9moch sprac\u00faval osobn\u00e9 \u00fadaje obsiahnut\u00e9 v\u00a0t\u00fdchto dokumentoch na \u00fa\u010del evidencie uch\u00e1dza\u010dov o\u00a0zamestnanie.<\/p>\n<p> a) osobn\u00e9 \u00fadaje v\u00a0postaven\u00ed prev\u00e1dzkovate\u013ea sprac\u00fava <strong>ZKW Slovakia s.r.o., Bedzianska cesta 679\/375, Kru\u0161ovce 956 31, I\u010cO: 36 657<\/strong> <strong>913<\/strong><strong>, <\/strong><strong>+ 421 38 7466 308<\/strong>, zodpovednaosoba@zkw.sk, b) sprac\u00favanie osobn\u00fdch \u00fadajov na \u00fa\u010del v\u00fdberov\u00e9ho konania organizovan\u00e9ho prev\u00e1dzkovate\u013eom je nevyhnutn\u00e9 na vykonanie opatren\u00ed pred uzatvoren\u00edm zmluvy na z\u00e1klade \u017eiadosti dotknutej osoby v\u00a0zmysle \u010dl. 6 ods. 1 p\u00edsm. <\/p>\n<p>b) v\u0161eobecn\u00e9ho nariadenia o\u00a0ochrane \u00fadajov, <\/p>\n<p>c) osobn\u00e9 \u00fadaje bud\u00fa alebo m\u00f4\u017eu by\u0165 poskytnut\u00e9 prev\u00e1dzkovate\u013eovi person\u00e1lnej datab\u00e1zy <strong>Datacruit s.r.o., se s\u00eddlem V\u00e1clavsk\u00e9 n\u00e1m\u011bst\u00ed 846\/1, Nov\u00e9 M\u011bsto, 110 00 Praha 1, I\u010c: 035\u00a045\u00a0652, zapsanou v\u00a0obchodn\u00edm rejst\u0159\u00edku veden\u00e9m u\u00a0M\u011bstsk\u00e9ho soudu v Praze, sp. zn. C 233459<\/strong>, <\/p>\n<p>d) osobn\u00e9 \u00fadaje z\u00edskan\u00e9 na \u00fa\u010del v\u00fdberov\u00e9ho konania bud\u00fa uchov\u00e1van\u00e9 po\u010das trvania v\u00fdberov\u00e9ho konania a\u00a0\u010fal\u0161\u00edch 6 mesiacov po jeho ukon\u010den\u00ed; po skon\u010den\u00ed doby uchov\u00e1vania bud\u00fa tieto osobn\u00e9 \u00fadaje zlikvidovan\u00e9 alebo (v pr\u00edpade uzavretia pracovnej alebo obdobnej zmluvy) bud\u00fa nadv\u00e4zne vyu\u017e\u00edvan\u00e9 na pracovnopr\u00e1vne \u00fa\u010dely, <\/p>\n<p>e) dotknut\u00e1 osoba m\u00e1 pr\u00e1vo po\u017eadova\u0165 od prev\u00e1dzkovate\u013ea pr\u00edstup k osobn\u00fdm \u00fadajom t\u00fdkaj\u00facich sa dotknutej osoby, pr\u00e1vo na ich opravu alebo vymazanie alebo obmedzenie sprac\u00favania, pr\u00e1vo namieta\u0165 proti sprac\u00favaniu, pr\u00e1vo na prenosnos\u0165 \u00fadajov, ako aj pr\u00e1vo poda\u0165 s\u0165a\u017enos\u0165 dozorn\u00e9mu org\u00e1nu, <\/p>\n<p>f) poskytnutie osobn\u00fdch \u00fadajov na \u00fa\u010del v\u00fdberov\u00e9ho konania organizovan\u00e9ho prev\u00e1dzkovate\u013eom je\u00a0nevyhnutn\u00e9 na vykonanie opatren\u00ed pred uzatvoren\u00edm zmluvy na z\u00e1klade \u017eiadosti dotknutej osoby v\u00a0zmysle \u010dl. 6 ods. 1 p\u00edsm. b) v\u0161eobecn\u00e9ho nariadenia o\u00a0ochrane \u00fadajov; neposkytnutie osobn\u00fdch \u00fadajov na uveden\u00fd \u00fa\u010del znemo\u017e\u0148uje \u00fa\u010das\u0165 na v\u00fdberovom konan\u00ed, <\/p>\n<p>g) osobn\u00e9 \u00fadaje nie s\u00fa predmetom automatizovan\u00e9ho individu\u00e1lneho rozhodovania vr\u00e1tane profilovania v\u00a0zmysle \u010dl. 22 v\u0161eobecn\u00e9ho nariadenia o\u00a0ochrane \u00fadajov.\n  \n  Pr\u00edpadn\u00e9 ot\u00e1zky t\u00fdkaj\u00face sa ochrany osobn\u00fdch \u00fadajov adresujte zodpovednej osobe prostredn\u00edctvom e-mailovej adresy <a href=\"mailto:pravne@osobnyudaj.sk\">pravne@osobnyudaj.sk<\/a> alebo\u00a0 <a href=\"mailto:zodpovednaosoba@zkw.sk\">zodpovednaosoba@zkw.sk<\/a><\/p>\n\t\t\t\t\t\t\t\t<\/div>\n\t\t\t\t<\/div>\n\t\t\t\t\t<\/div>\n\t\t<\/div>\n\t\t\t\t\t<\/div>\n\t\t<\/section>\n\t\t\t\t<\/div>\n\t\t","protected":false},"excerpt":{"rendered":"<p>Zaslan\u00edm (emailovou spr\u00e1vou alebo listovou z\u00e1sielkou) alebo osobn\u00fdm doru\u010den\u00edm \u017eivotopisu, motiva\u010dn\u00e9ho listu a\u00a0\u010fal\u0161\u00edch dokumentov vyjadrujete svoj slobodn\u00fd s\u00fahlas s\u00a0t\u00fdm, aby prev\u00e1dzkovate\u013e ZKW Slovakia s.r.o., Bedzianska cesta 679\/375, Kru\u0161ovce 956 31, I\u010cO: 36 657 913 v svojich informa\u010dn\u00fdch syst\u00e9moch sprac\u00faval osobn\u00e9 \u00fadaje obsiahnut\u00e9 v\u00a0t\u00fdchto dokumentoch na \u00fa\u010del evidencie uch\u00e1dza\u010dov o\u00a0zamestnanie. a) osobn\u00e9 \u00fadaje v\u00a0postaven\u00ed prev\u00e1dzkovate\u013ea sprac\u00fava [&hellip;]<\/p>\n","protected":false},"author":3,"featured_media":26943,"parent":29094,"menu_order":0,"comment_status":"closed","ping_status":"closed","template":"","meta":{"footnotes":""},"class_list":["post-29195","page","type-page","status-publish","has-post-thumbnail","hentry"],"yoast_head":"<!-- This site is optimized with the Yoast SEO plugin v27.5 - https:\/\/yoast.com\/product\/yoast-seo-wordpress\/ -->\n<title>\u017diados\u0165 o zaradenie do v\u00fdberov\u00e9ho konania - ZKW Group \u2013 BRIGHT MINDS, BRIGHT LIGHTS.<\/title>\n<meta name=\"robots\" content=\"index, follow, max-snippet:-1, max-image-preview:large, max-video-preview:-1\" \/>\n<link rel=\"canonical\" href=\"https:\/\/zkw-group.com\/sk\/domov\/kariera\/ziadost-o-zaradenie-do-vyberoveho-konania\/\" \/>\n<meta property=\"og:locale\" content=\"sk_SK\" \/>\n<meta property=\"og:type\" content=\"article\" \/>\n<meta property=\"og:title\" content=\"\u017diados\u0165 o zaradenie do v\u00fdberov\u00e9ho konania - ZKW Group \u2013 BRIGHT MINDS, BRIGHT LIGHTS.\" \/>\n<meta property=\"og:url\" content=\"https:\/\/zkw-group.com\/sk\/domov\/kariera\/ziadost-o-zaradenie-do-vyberoveho-konania\/\" \/>\n<meta property=\"og:site_name\" content=\"ZKW Group \u2013 BRIGHT MINDS, BRIGHT LIGHTS.\" \/>\n<meta property=\"article:publisher\" content=\"https:\/\/www.facebook.com\/zkwgroup\/\" \/>\n<meta property=\"article:modified_time\" content=\"2019-08-21T12:51:42+00:00\" \/>\n<meta property=\"og:image\" content=\"https:\/\/zkw-group.com\/wp-content\/uploads\/2019\/08\/keyvisual.jpg\" \/>\n\t<meta property=\"og:image:width\" content=\"1600\" \/>\n\t<meta property=\"og:image:height\" content=\"949\" \/>\n\t<meta property=\"og:image:type\" content=\"image\/jpeg\" \/>\n<meta name=\"twitter:card\" content=\"summary_large_image\" \/>\n<meta name=\"twitter:site\" content=\"@zkw\" \/>\n<meta name=\"twitter:label1\" content=\"Predpokladan\u00fd \u010das \u010d\u00edtania\" \/>\n\t<meta name=\"twitter:data1\" content=\"2 min\u00faty\" \/>\n<script type=\"application\/ld+json\" class=\"yoast-schema-graph\">{\"@context\":\"https:\\\/\\\/schema.org\",\"@graph\":[{\"@type\":\"WebPage\",\"@id\":\"https:\\\/\\\/zkw-group.com\\\/sk\\\/domov\\\/kariera\\\/ziadost-o-zaradenie-do-vyberoveho-konania\\\/\",\"url\":\"https:\\\/\\\/zkw-group.com\\\/sk\\\/domov\\\/kariera\\\/ziadost-o-zaradenie-do-vyberoveho-konania\\\/\",\"name\":\"\u017diados\u0165 o zaradenie do v\u00fdberov\u00e9ho konania - ZKW Group \u2013 BRIGHT MINDS, BRIGHT LIGHTS.\",\"isPartOf\":{\"@id\":\"https:\\\/\\\/zkw-group.com\\\/sk\\\/#website\"},\"primaryImageOfPage\":{\"@id\":\"https:\\\/\\\/zkw-group.com\\\/sk\\\/domov\\\/kariera\\\/ziadost-o-zaradenie-do-vyberoveho-konania\\\/#primaryimage\"},\"image\":{\"@id\":\"https:\\\/\\\/zkw-group.com\\\/sk\\\/domov\\\/kariera\\\/ziadost-o-zaradenie-do-vyberoveho-konania\\\/#primaryimage\"},\"thumbnailUrl\":\"https:\\\/\\\/zkw-group.com\\\/wp-content\\\/uploads\\\/2019\\\/08\\\/keyvisual.jpg\",\"datePublished\":\"2019-08-21T12:51:18+00:00\",\"dateModified\":\"2019-08-21T12:51:42+00:00\",\"breadcrumb\":{\"@id\":\"https:\\\/\\\/zkw-group.com\\\/sk\\\/domov\\\/kariera\\\/ziadost-o-zaradenie-do-vyberoveho-konania\\\/#breadcrumb\"},\"inLanguage\":\"sk-SK\",\"potentialAction\":[{\"@type\":\"ReadAction\",\"target\":[\"https:\\\/\\\/zkw-group.com\\\/sk\\\/domov\\\/kariera\\\/ziadost-o-zaradenie-do-vyberoveho-konania\\\/\"]}]},{\"@type\":\"ImageObject\",\"inLanguage\":\"sk-SK\",\"@id\":\"https:\\\/\\\/zkw-group.com\\\/sk\\\/domov\\\/kariera\\\/ziadost-o-zaradenie-do-vyberoveho-konania\\\/#primaryimage\",\"url\":\"https:\\\/\\\/zkw-group.com\\\/wp-content\\\/uploads\\\/2019\\\/08\\\/keyvisual.jpg\",\"contentUrl\":\"https:\\\/\\\/zkw-group.com\\\/wp-content\\\/uploads\\\/2019\\\/08\\\/keyvisual.jpg\",\"width\":1600,\"height\":949},{\"@type\":\"BreadcrumbList\",\"@id\":\"https:\\\/\\\/zkw-group.com\\\/sk\\\/domov\\\/kariera\\\/ziadost-o-zaradenie-do-vyberoveho-konania\\\/#breadcrumb\",\"itemListElement\":[{\"@type\":\"ListItem\",\"position\":1,\"name\":\"Domov\",\"item\":\"https:\\\/\\\/zkw-group.com\\\/sk\\\/\"},{\"@type\":\"ListItem\",\"position\":2,\"name\":\"Kari\u00e9ra\",\"item\":\"https:\\\/\\\/zkw-group.com\\\/sk\\\/domu\\\/kariera-a-zamestnani\\\/\"},{\"@type\":\"ListItem\",\"position\":3,\"name\":\"\u017diados\u0165 o zaradenie do v\u00fdberov\u00e9ho konania\"}]},{\"@type\":\"WebSite\",\"@id\":\"https:\\\/\\\/zkw-group.com\\\/sk\\\/#website\",\"url\":\"https:\\\/\\\/zkw-group.com\\\/sk\\\/\",\"name\":\"ZKW Group \u2013 BRIGHT MINDS, BRIGHT LIGHTS.\",\"description\":\"\",\"publisher\":{\"@id\":\"https:\\\/\\\/zkw-group.com\\\/sk\\\/#organization\"},\"potentialAction\":[{\"@type\":\"SearchAction\",\"target\":{\"@type\":\"EntryPoint\",\"urlTemplate\":\"https:\\\/\\\/zkw-group.com\\\/sk\\\/?s={search_term_string}\"},\"query-input\":{\"@type\":\"PropertyValueSpecification\",\"valueRequired\":true,\"valueName\":\"search_term_string\"}}],\"inLanguage\":\"sk-SK\"},{\"@type\":\"Organization\",\"@id\":\"https:\\\/\\\/zkw-group.com\\\/sk\\\/#organization\",\"name\":\"ZKW Group\",\"url\":\"https:\\\/\\\/zkw-group.com\\\/sk\\\/\",\"logo\":{\"@type\":\"ImageObject\",\"inLanguage\":\"sk-SK\",\"@id\":\"https:\\\/\\\/zkw-group.com\\\/sk\\\/#\\\/schema\\\/logo\\\/image\\\/\",\"url\":\"https:\\\/\\\/zkw-group.com\\\/wp-content\\\/uploads\\\/2019\\\/08\\\/logo.png\",\"contentUrl\":\"https:\\\/\\\/zkw-group.com\\\/wp-content\\\/uploads\\\/2019\\\/08\\\/logo.png\",\"width\":268,\"height\":130,\"caption\":\"ZKW Group\"},\"image\":{\"@id\":\"https:\\\/\\\/zkw-group.com\\\/sk\\\/#\\\/schema\\\/logo\\\/image\\\/\"},\"sameAs\":[\"https:\\\/\\\/www.facebook.com\\\/zkwgroup\\\/\",\"https:\\\/\\\/x.com\\\/zkw\",\"https:\\\/\\\/www.instagram.com\\\/zkwgroup\\\/\",\"https:\\\/\\\/www.linkedin.com\\\/company\\\/zkw-group\\\/\",\"https:\\\/\\\/www.youtube.com\\\/channel\\\/UCZ7uTlJOUXyDmCKOVT3ERdQ\",\"https:\\\/\\\/de.wikipedia.org\\\/wiki\\\/ZKW\"]}]}<\/script>\n<!-- \/ Yoast SEO plugin. -->","yoast_head_json":{"title":"\u017diados\u0165 o zaradenie do v\u00fdberov\u00e9ho konania - ZKW Group \u2013 BRIGHT MINDS, BRIGHT LIGHTS.","robots":{"index":"index","follow":"follow","max-snippet":"max-snippet:-1","max-image-preview":"max-image-preview:large","max-video-preview":"max-video-preview:-1"},"canonical":"https:\/\/zkw-group.com\/sk\/domov\/kariera\/ziadost-o-zaradenie-do-vyberoveho-konania\/","og_locale":"sk_SK","og_type":"article","og_title":"\u017diados\u0165 o zaradenie do v\u00fdberov\u00e9ho konania - ZKW Group \u2013 BRIGHT MINDS, BRIGHT LIGHTS.","og_url":"https:\/\/zkw-group.com\/sk\/domov\/kariera\/ziadost-o-zaradenie-do-vyberoveho-konania\/","og_site_name":"ZKW Group \u2013 BRIGHT MINDS, BRIGHT LIGHTS.","article_publisher":"https:\/\/www.facebook.com\/zkwgroup\/","article_modified_time":"2019-08-21T12:51:42+00:00","og_image":[{"width":1600,"height":949,"url":"https:\/\/zkw-group.com\/wp-content\/uploads\/2019\/08\/keyvisual.jpg","type":"image\/jpeg"}],"twitter_card":"summary_large_image","twitter_site":"@zkw","twitter_misc":{"Predpokladan\u00fd \u010das \u010d\u00edtania":"2 min\u00faty"},"schema":{"@context":"https:\/\/schema.org","@graph":[{"@type":"WebPage","@id":"https:\/\/zkw-group.com\/sk\/domov\/kariera\/ziadost-o-zaradenie-do-vyberoveho-konania\/","url":"https:\/\/zkw-group.com\/sk\/domov\/kariera\/ziadost-o-zaradenie-do-vyberoveho-konania\/","name":"\u017diados\u0165 o zaradenie do v\u00fdberov\u00e9ho konania - ZKW Group \u2013 BRIGHT MINDS, BRIGHT LIGHTS.","isPartOf":{"@id":"https:\/\/zkw-group.com\/sk\/#website"},"primaryImageOfPage":{"@id":"https:\/\/zkw-group.com\/sk\/domov\/kariera\/ziadost-o-zaradenie-do-vyberoveho-konania\/#primaryimage"},"image":{"@id":"https:\/\/zkw-group.com\/sk\/domov\/kariera\/ziadost-o-zaradenie-do-vyberoveho-konania\/#primaryimage"},"thumbnailUrl":"https:\/\/zkw-group.com\/wp-content\/uploads\/2019\/08\/keyvisual.jpg","datePublished":"2019-08-21T12:51:18+00:00","dateModified":"2019-08-21T12:51:42+00:00","breadcrumb":{"@id":"https:\/\/zkw-group.com\/sk\/domov\/kariera\/ziadost-o-zaradenie-do-vyberoveho-konania\/#breadcrumb"},"inLanguage":"sk-SK","potentialAction":[{"@type":"ReadAction","target":["https:\/\/zkw-group.com\/sk\/domov\/kariera\/ziadost-o-zaradenie-do-vyberoveho-konania\/"]}]},{"@type":"ImageObject","inLanguage":"sk-SK","@id":"https:\/\/zkw-group.com\/sk\/domov\/kariera\/ziadost-o-zaradenie-do-vyberoveho-konania\/#primaryimage","url":"https:\/\/zkw-group.com\/wp-content\/uploads\/2019\/08\/keyvisual.jpg","contentUrl":"https:\/\/zkw-group.com\/wp-content\/uploads\/2019\/08\/keyvisual.jpg","width":1600,"height":949},{"@type":"BreadcrumbList","@id":"https:\/\/zkw-group.com\/sk\/domov\/kariera\/ziadost-o-zaradenie-do-vyberoveho-konania\/#breadcrumb","itemListElement":[{"@type":"ListItem","position":1,"name":"Domov","item":"https:\/\/zkw-group.com\/sk\/"},{"@type":"ListItem","position":2,"name":"Kari\u00e9ra","item":"https:\/\/zkw-group.com\/sk\/domu\/kariera-a-zamestnani\/"},{"@type":"ListItem","position":3,"name":"\u017diados\u0165 o zaradenie do v\u00fdberov\u00e9ho konania"}]},{"@type":"WebSite","@id":"https:\/\/zkw-group.com\/sk\/#website","url":"https:\/\/zkw-group.com\/sk\/","name":"ZKW Group \u2013 BRIGHT MINDS, BRIGHT LIGHTS.","description":"","publisher":{"@id":"https:\/\/zkw-group.com\/sk\/#organization"},"potentialAction":[{"@type":"SearchAction","target":{"@type":"EntryPoint","urlTemplate":"https:\/\/zkw-group.com\/sk\/?s={search_term_string}"},"query-input":{"@type":"PropertyValueSpecification","valueRequired":true,"valueName":"search_term_string"}}],"inLanguage":"sk-SK"},{"@type":"Organization","@id":"https:\/\/zkw-group.com\/sk\/#organization","name":"ZKW Group","url":"https:\/\/zkw-group.com\/sk\/","logo":{"@type":"ImageObject","inLanguage":"sk-SK","@id":"https:\/\/zkw-group.com\/sk\/#\/schema\/logo\/image\/","url":"https:\/\/zkw-group.com\/wp-content\/uploads\/2019\/08\/logo.png","contentUrl":"https:\/\/zkw-group.com\/wp-content\/uploads\/2019\/08\/logo.png","width":268,"height":130,"caption":"ZKW Group"},"image":{"@id":"https:\/\/zkw-group.com\/sk\/#\/schema\/logo\/image\/"},"sameAs":["https:\/\/www.facebook.com\/zkwgroup\/","https:\/\/x.com\/zkw","https:\/\/www.instagram.com\/zkwgroup\/","https:\/\/www.linkedin.com\/company\/zkw-group\/","https:\/\/www.youtube.com\/channel\/UCZ7uTlJOUXyDmCKOVT3ERdQ","https:\/\/de.wikipedia.org\/wiki\/ZKW"]}]}},"_links":{"self":[{"href":"https:\/\/zkw-group.com\/sk\/wp-json\/wp\/v2\/pages\/29195","targetHints":{"allow":["GET"]}}],"collection":[{"href":"https:\/\/zkw-group.com\/sk\/wp-json\/wp\/v2\/pages"}],"about":[{"href":"https:\/\/zkw-group.com\/sk\/wp-json\/wp\/v2\/types\/page"}],"author":[{"embeddable":true,"href":"https:\/\/zkw-group.com\/sk\/wp-json\/wp\/v2\/users\/3"}],"replies":[{"embeddable":true,"href":"https:\/\/zkw-group.com\/sk\/wp-json\/wp\/v2\/comments?post=29195"}],"version-history":[{"count":0,"href":"https:\/\/zkw-group.com\/sk\/wp-json\/wp\/v2\/pages\/29195\/revisions"}],"up":[{"embeddable":true,"href":"https:\/\/zkw-group.com\/sk\/wp-json\/wp\/v2\/pages\/29094"}],"wp:featuredmedia":[{"embeddable":true,"href":"https:\/\/zkw-group.com\/sk\/wp-json\/wp\/v2\/media\/26943"}],"wp:attachment":[{"href":"https:\/\/zkw-group.com\/sk\/wp-json\/wp\/v2\/media?parent=29195"}],"curies":[{"name":"wp","href":"https:\/\/api.w.org\/{rel}","templated":true}]}}